{"id":1063,"date":"2023-05-19T09:50:20","date_gmt":"2023-05-19T09:50:20","guid":{"rendered":"http:\/\/www.glovebox.es\/caja-de-guantes-doble-cara-2-personas\/"},"modified":"2024-02-08T17:02:04","modified_gmt":"2024-02-08T17:02:04","slug":"caja-de-guantes-doble-cara-2-personas","status":"publish","type":"page","link":"https:\/\/www.glovebox.es\/es\/caja-de-guantes-estandar\/caja-de-guantes-doble-cara-2-personas\/","title":{"rendered":"Caja de Guantes (Doble cara, 2 personas)"},"content":{"rendered":"\n<div class=\"wp-block-group\"><div class=\"wp-block-group__inner-container is-layout-constrained wp-block-group-is-layout-constrained\"><div class=\"gb-grid-wrapper gb-grid-wrapper-bda6940b\">\n<div class=\"gb-grid-column gb-grid-column-5b6834fb\"><div class=\"gb-container gb-container-5b6834fb\"><\/div><\/div>\n\n<div class=\"gb-grid-column gb-grid-column-f9fe484b\"><div class=\"gb-container gb-container-f9fe484b\">\n<div class=\"wp-block-image\">\n<figure class=\"aligncenter size-full is-resized\"><img loading=\"lazy\" decoding=\"async\" width=\"719\" height=\"569\" src=\"https:\/\/www.glovebox.es\/wp-content\/uploads\/2023\/05\/kk-011AD.png\" alt=\"\" class=\"wp-image-205\" style=\"width:418px;height:330px\" srcset=\"https:\/\/www.glovebox.es\/wp-content\/uploads\/2023\/05\/kk-011AD.png 719w, https:\/\/www.glovebox.es\/wp-content\/uploads\/2023\/05\/kk-011AD-300x237.png 300w\" sizes=\"auto, (max-width: 719px) 100vw, 719px\" \/><\/figure>\n<\/div>\n\n\n<h2 class=\"gb-headline gb-headline-0ef285bf gb-headline-text\"><strong>Caja de Guantes (Doble cara, 2 personas)<\/strong><\/h2>\n\n\n\n<p class=\"gb-headline gb-headline-960d59e1 gb-headline-text\">Modelo:<strong>&nbsp;<\/strong>011AD (4 Puertos)<\/p>\n\n\n\n<div class=\"wp-block-columns is-layout-flex wp-container-core-columns-is-layout-9d6595d7 wp-block-columns-is-layout-flex\">\n<div class=\"wp-block-column is-vertically-aligned-top is-layout-flow wp-block-column-is-layout-flow\">\n<h3 class=\"gb-headline gb-headline-b95e0376 gb-headline-text\"><strong>Cabina<\/strong><\/h3>\n\n\n\n<figure class=\"wp-block-table\" style=\"font-size:14px\"><table><tbody><tr><td>Tama\u00f1o<\/td><td>1200(W) mm X <br>1100(D) mm X <br>890(H) mm<\/td><\/tr><tr><td>Material<\/td><td>Acero inoxidable 304<\/td><\/tr><tr><td>Ventanas<\/td><td>PC de policarbonato o vidrio de seguridad<\/td><\/tr><tr><td>Guante<\/td><td>Goma but\u00edlica 2 pares<\/td><\/tr><tr><td>Luz externa<\/td><td>2<\/td><\/tr><tr><td>Entrada de servicio<\/td><td>KF (NW40): 2ea<\/td><\/tr><tr><td>Prueba de fugas<\/td><td> 0,05 vol%\/h Seg\u00fan ISO 10648\u20132<\/td><\/tr><\/tbody><\/table><\/figure>\n<\/div>\n\n\n\n<div class=\"wp-block-column is-layout-flow wp-block-column-is-layout-flow\">\n<h3 class=\"gb-headline gb-headline-3c9c63a3 gb-headline-text\"><strong>M\u00f3dulo<\/strong><\/h3>\n\n\n\n<figure class=\"wp-block-table is-style-regular\" style=\"font-size:14px\"><table><tbody><tr><td>Tama\u00f1o<\/td><td>1200(W) mm X <br>1100(D) mm X <br>930(H) mm<\/td><\/tr><\/tbody><\/table><\/figure>\n\n\n\n<h3 class=\"gb-headline gb-headline-953b757c gb-headline-text\"><strong>Antec\u00e1mara<\/strong><\/h3>\n\n\n\n<figure class=\"wp-block-table\" style=\"font-size:14px\"><table><tbody><tr><td>Tama\u00f1o<\/td><td>380 mm X<br> 500 mm<\/td><\/tr><tr><td>Capacidad de vac\u00edo<\/td><td>1X10<sup>\u22123<\/sup><\/td><\/tr><tr><td>Bandeja<\/td><td>200 mm x <br>500 mm<\/td><\/tr><\/tbody><\/table><\/figure>\n\n\n\n<h3 class=\"gb-headline gb-headline-1401ab0e gb-headline-text\"><strong>Mini antec\u00e1mara<\/strong><\/h3>\n\n\n\n<figure class=\"wp-block-table is-style-regular\" style=\"font-size:14px\"><table><tbody><tr><td>Tama\u00f1o<\/td><td>150 mm x 290 mm<\/td><\/tr><\/tbody><\/table><\/figure>\n<\/div>\n<\/div>\n\n<\/div><\/div>\n\n<div class=\"gb-grid-column gb-grid-column-b37ac143\"><div class=\"gb-container gb-container-b37ac143\"><\/div><\/div>\n<\/div>\n\n<div class=\"gb-container gb-container-b432f0f7\">\n\n<a class=\"gb-button gb-button-5388c040 gb-button-text\" href=\"https:\/\/www.glovebox.es\/es\/contactenos\/\">Solicitar presupuesto<\/a>\n\n<\/div><\/div><\/div>\n\n\n<div class=\"gb-container gb-container-c8da03ea alignfull\">\n<div class=\"gb-grid-wrapper gb-grid-wrapper-e8bf5d96\">\n<div class=\"gb-grid-column gb-grid-column-7d2dd83c\"><div class=\"gb-container gb-container-7d2dd83c\"><\/div><\/div>\n\n<div class=\"gb-grid-column gb-grid-column-2cb3a42b\"><div class=\"gb-container gb-container-2cb3a42b\">\n\n<p class=\"has-text-align-left has-contrast-2-color has-text-color\"><strong>011AD (4 puertos)<\/strong> esta es una c\u00e1mara de vac\u00edo de acero inoxidable con dimensiones de 1200 (ancho) mm x 1100 (profundidad) mm x 890 (alto) mm. Tiene ventanas de policarbonato o vidrio de seguridad, dos pares de guantes de caucho but\u00edlico, dos luces externas y dos puertos de servicio KF. Incluye antec\u00e1mara, mini antec\u00e1mara, bandeja y soporte. La capacidad de vac\u00edo es de 1X10 <sup>\u22123<\/sup> torr y la prueba de fugas es de 0,05 vol%\/hr seg\u00fan ISO 10648-2.<\/p>\n\n<\/div><\/div>\n\n<div class=\"gb-grid-column gb-grid-column-18ca714b\"><div class=\"gb-container gb-container-18ca714b\"><\/div><\/div>\n<\/div>\n<\/div>\n\n<div class=\"gb-container gb-container-4c28776e alignfull\">\n\n<h4 class=\"gb-headline gb-headline-99bebdc1 gb-headline-text\"><strong>Descubre Otros Modelos de Caja de Guantes<\/strong><\/h4>\n\n\n<div class=\"gb-container gb-container-e9f9d1b0\">\n<div class=\"gb-grid-wrapper gb-grid-wrapper-5f3786cd\">\n<div class=\"gb-grid-column gb-grid-column-ee96f1e5\"><div class=\"gb-container gb-container-ee96f1e5\">\n\n<h5 class=\"gb-headline gb-headline-410aae91 gb-headline-text\"><strong>Gloveboxes<\/strong><\/h5>\n\n\n\n<p style=\"font-size:15px\"><a href=\"https:\/\/www.glovebox.es\/es\/caja-de-guantes-estandar\/caja-de-guantes-un-solo-lado-1-persona\/\">Caja de Guantes (un solo lado, 1 persona)<\/a><\/p>\n\n\n\n<p style=\"font-size:15px\"><a href=\"https:\/\/www.glovebox.es\/es\/caja-de-guantes-estandar\/caja-de-guantes-un-solo-lado-1-5-personas\/\">Caja de Guantes (Un solo lado, 1,5 personas)<\/a><\/p>\n\n\n\n<p style=\"font-size:15px\"><a href=\"https:\/\/www.glovebox.es\/es\/caja-de-guantes-estandar\/caja-de-guantes-un-solo-lado-2-personas\/\">Caja de Guantes (Un solo lado, 2 personas)<\/a><\/p>\n\n\n\n<p style=\"font-size:15px\"><a href=\"https:\/\/www.glovebox.es\/es\/caja-de-guantes-estandar\/caja-de-guantes-doble-cara-2-personas\/\">Caja de Guantes (Doble cara, 2 personas)<\/a><\/p>\n\n\n\n<p style=\"font-size:15px\"><a href=\"https:\/\/www.glovebox.es\/es\/caja-de-guantes-estandar\/caja-de-guantes-doble-cara-4-personas\/\">Caja de Guantes (Doble cara, 4 personas)<\/a><\/p>\n\n\n\n<p style=\"font-size:15px\"><a href=\"https:\/\/www.glovebox.es\/es\/caja-de-guantes-de-alta-seguridad-y-rendimiento\/\">Caja de Guantes de Alta Seguridad Y Rendimiento<\/a><\/p>\n\n\n\n<p style=\"font-size:15px\"><a href=\"https:\/\/www.glovebox.es\/es\/el-sistema-aislador-modelo-iso-4-entradas\/\">El Sistema Aislador Modelo ISO<\/a><\/p>\n\n<\/div><\/div>\n\n<div class=\"gb-grid-column gb-grid-column-9fb5b444\"><div class=\"gb-container gb-container-9fb5b444\">\n\n<h5 class=\"gb-headline gb-headline-a4875cd2 gb-headline-text\"><strong>Glovebox Accessories<\/strong><\/h5>\n\n\n\n<p style=\"font-size:15px\"><a href=\"https:\/\/www.glovebox.es\/es\/productos-opcionales\/trampa-de-solvente\/\">Trampa de Solvente<\/a><\/p>\n\n\n\n<p style=\"font-size:15px\"><a href=\"https:\/\/www.glovebox.es\/es\/productos-opcionales\/aspiradora-horno\/\">Aspiradora Horno<\/a><\/p>\n\n\n\n<p style=\"font-size:15px\"><a href=\"https:\/\/www.glovebox.es\/es\/productos-opcionales\/refrigerador\/\">Refrigerador<\/a><\/p>\n\n\n\n<p style=\"font-size:15px\"><a href=\"https:\/\/www.glovebox.es\/es\/productos-opcionales\/microscopio\/\">Microscopio<\/a><\/p>\n\n\n\n<p style=\"font-size:15px\"><a href=\"https:\/\/www.glovebox.es\/es\/productos-opcionales\/sensor-analizador-de-oxigeno\/\">Sensor Analizador de Ox\u00edgeno<\/a><\/p>\n\n\n\n<p style=\"font-size:15px\"><a href=\"https:\/\/www.glovebox.es\/es\/productos-opcionales\/analizador-de-humedad-del-sensor\/\">Sensor Analizador de Humedad<\/a><\/p>\n\n<\/div><\/div>\n\n<div class=\"gb-grid-column gb-grid-column-b48e83fb\"><div class=\"gb-container gb-container-b48e83fb\">\n\n<figure class=\"wp-block-image size-full\"><img loading=\"lazy\" decoding=\"async\" width=\"885\" height=\"657\" src=\"https:\/\/www.glovebox.es\/wp-content\/uploads\/2024\/02\/2glovebox-3ports.webp\" alt=\"Glovebox Single sided with 3 ports\" class=\"wp-image-2058\" srcset=\"https:\/\/www.glovebox.es\/wp-content\/uploads\/2024\/02\/2glovebox-3ports.webp 885w, https:\/\/www.glovebox.es\/wp-content\/uploads\/2024\/02\/2glovebox-3ports-300x223.webp 300w, https:\/\/www.glovebox.es\/wp-content\/uploads\/2024\/02\/2glovebox-3ports-768x570.webp 768w\" sizes=\"auto, (max-width: 885px) 100vw, 885px\" \/><\/figure>\n\n<\/div><\/div>\n<\/div>\n<\/div>\n<\/div>","protected":false},"excerpt":{"rendered":"<p>Descubre Otros Modelos de Caja de Guantes<\/p>\n","protected":false},"author":5,"featured_media":0,"parent":1085,"menu_order":0,"comment_status":"closed","ping_status":"closed","template":"","meta":{"footnotes":""},"class_list":["post-1063","page","type-page","status-publish"],"_links":{"self":[{"href":"https:\/\/www.glovebox.es\/es\/wp-json\/wp\/v2\/pages\/1063","targetHints":{"allow":["GET"]}}],"collection":[{"href":"https:\/\/www.glovebox.es\/es\/wp-json\/wp\/v2\/pages"}],"about":[{"href":"https:\/\/www.glovebox.es\/es\/wp-json\/wp\/v2\/types\/page"}],"author":[{"embeddable":true,"href":"https:\/\/www.glovebox.es\/es\/wp-json\/wp\/v2\/users\/5"}],"replies":[{"embeddable":true,"href":"https:\/\/www.glovebox.es\/es\/wp-json\/wp\/v2\/comments?post=1063"}],"version-history":[{"count":13,"href":"https:\/\/www.glovebox.es\/es\/wp-json\/wp\/v2\/pages\/1063\/revisions"}],"predecessor-version":[{"id":2280,"href":"https:\/\/www.glovebox.es\/es\/wp-json\/wp\/v2\/pages\/1063\/revisions\/2280"}],"up":[{"embeddable":true,"href":"https:\/\/www.glovebox.es\/es\/wp-json\/wp\/v2\/pages\/1085"}],"wp:attachment":[{"href":"https:\/\/www.glovebox.es\/es\/wp-json\/wp\/v2\/media?parent=1063"}],"curies":[{"name":"wp","href":"https:\/\/api.w.org\/{rel}","templated":true}]}}