{"id":1067,"date":"2023-05-19T10:05:03","date_gmt":"2023-05-19T10:05:03","guid":{"rendered":"http:\/\/www.glovebox.es\/caja-de-guantes-doble-cara-4-personas\/"},"modified":"2024-02-08T17:02:40","modified_gmt":"2024-02-08T17:02:40","slug":"caja-de-guantes-doble-cara-4-personas","status":"publish","type":"page","link":"https:\/\/www.glovebox.es\/es\/caja-de-guantes-estandar\/caja-de-guantes-doble-cara-4-personas\/","title":{"rendered":"Caja de Guantes (Doble cara, 4 personas)"},"content":{"rendered":"\n<div class=\"wp-block-group\"><div class=\"wp-block-group__inner-container is-layout-constrained wp-block-group-is-layout-constrained\"><div class=\"gb-grid-wrapper gb-grid-wrapper-bda6940b\">\n<div class=\"gb-grid-column gb-grid-column-5b6834fb\"><div class=\"gb-container gb-container-5b6834fb\"><\/div><\/div>\n\n<div class=\"gb-grid-column gb-grid-column-f9fe484b\"><div class=\"gb-container gb-container-f9fe484b\">\n<div class=\"wp-block-image\">\n<figure class=\"aligncenter size-full is-resized\"><img loading=\"lazy\" decoding=\"async\" width=\"977\" height=\"585\" src=\"https:\/\/www.glovebox.es\/wp-content\/uploads\/2023\/05\/KK-021AD.png\" alt=\"\" class=\"wp-image-217\" style=\"width:501px;height:299px\" srcset=\"https:\/\/www.glovebox.es\/wp-content\/uploads\/2023\/05\/KK-021AD.png 977w, https:\/\/www.glovebox.es\/wp-content\/uploads\/2023\/05\/KK-021AD-300x180.png 300w, https:\/\/www.glovebox.es\/wp-content\/uploads\/2023\/05\/KK-021AD-768x460.png 768w\" sizes=\"auto, (max-width: 977px) 100vw, 977px\" \/><\/figure>\n<\/div>\n\n\n<h2 class=\"gb-headline gb-headline-0ef285bf gb-headline-text\"><strong>Caja de Guantes <\/strong><br><strong>(doble cara, 4 personas)<\/strong><\/h2>\n\n\n\n<p class=\"gb-headline gb-headline-960d59e1 gb-headline-text\">Modelo: 021AD (8 Puertos)&nbsp;<\/p>\n\n\n\n<div class=\"wp-block-columns is-layout-flex wp-container-core-columns-is-layout-9d6595d7 wp-block-columns-is-layout-flex\">\n<div class=\"wp-block-column is-vertically-aligned-top is-layout-flow wp-block-column-is-layout-flow\">\n<h3 class=\"gb-headline gb-headline-b95e0376 gb-headline-text\"><strong>Cabina<\/strong><\/h3>\n\n\n\n<figure class=\"wp-block-table\" style=\"font-size:14px\"><table><tbody><tr><td>Tama\u00f1o<\/td><td>2200(W) mm X <br>1100(D) mm X <br>890(H) mm<\/td><\/tr><tr><td>Material<\/td><td>Acero inoxidable 304<\/td><\/tr><tr><td>Ventanas<\/td><td>Policarbonato: lexan (T:10 mm)<\/td><\/tr><tr><td>Guante<\/td><td>Goma but\u00edlica 4 pares<\/td><\/tr><tr><td>Luz externa<\/td><td>2 <\/td><\/tr><tr><td>Entrada de servicio<\/td><td>KF (NW40): 2ea o solicitud<\/td><\/tr><tr><td>Prueba de fugas<\/td><td> 0,05 vol%\/h Seg\u00fan ISO 10648\u20132<\/td><\/tr><\/tbody><\/table><\/figure>\n\n\n\n<h3 class=\"gb-headline gb-headline-953b757c gb-headline-text\"><strong>Antec\u00e1mara<\/strong><\/h3>\n\n\n\n<figure class=\"wp-block-table\" style=\"font-size:14px\"><table><tbody><tr><td>Tama\u00f1o<\/td><td>380 mm X 500 mm<\/td><\/tr><tr><td>Capacidad de vac\u00edo<\/td><td>1X10<sup>\u22123<\/sup><\/td><\/tr><tr><td>Bandeja<\/td><td>200 mm x 500 mm<\/td><\/tr><\/tbody><\/table><\/figure>\n\n\n\n<h3 class=\"gb-headline gb-headline-1401ab0e gb-headline-text\"><strong>Mini antec\u00e1mara<\/strong><\/h3>\n\n\n\n<figure class=\"wp-block-table is-style-regular\" style=\"font-size:14px\"><table><tbody><tr><td>Tama\u00f1o<\/td><td>150 mm x 290 mm<\/td><\/tr><\/tbody><\/table><\/figure>\n<\/div>\n\n\n\n<div class=\"wp-block-column is-layout-flow wp-block-column-is-layout-flow\">\n<h3 class=\"wp-block-heading\"><strong>Sistema Purificador<\/strong><\/h3>\n\n\n\n<figure class=\"wp-block-table\" style=\"font-size:14px\"><table><tbody><tr><td>Nivel de purificador<\/td><td>Menos de 1 ppm O<sub>2<\/sub> and H<sub>2<\/sub>O<\/td><\/tr><tr><td>Catalizador<\/td><td>Catalizador de ox\u00edgeno y tamiz molecular<\/td><\/tr><tr><td>PLC<\/td><td>Control PLC autom\u00e1tico<\/td><\/tr><tr><td>Panel de control<\/td><td>Pantalla t\u00e1ctil a todo color de 7\u201d<\/td><\/tr><tr><td>Purificador Regeneraci\u00f3n<\/td><td>Regeneraci\u00f3n autom\u00e1tica programada en PLC<\/td><\/tr><tr><td>Control de velocidad del ventilador<\/td><td>Max.63 CFM (1.78m\u00b3\/min)<\/td><\/tr><tr><td>Bomba aspiradora<\/td><td>200 L\/min<\/td><\/tr><\/tbody><\/table><\/figure>\n\n\n\n<h3 class=\"gb-headline gb-headline-3c9c63a3 gb-headline-text\"><strong>M\u00f3dulo<\/strong><\/h3>\n\n\n\n<figure class=\"wp-block-table is-style-regular\" style=\"font-size:14px\"><table><tbody><tr><td>Tama\u00f1o<\/td><td>2200(W) mm X <br>760(D) mm X <br>930(H) mm<\/td><\/tr><\/tbody><\/table><\/figure>\n<\/div>\n<\/div>\n\n<\/div><\/div>\n\n<div class=\"gb-grid-column gb-grid-column-b37ac143\"><div class=\"gb-container gb-container-b37ac143\"><\/div><\/div>\n<\/div>\n\n<div class=\"gb-container gb-container-b432f0f7\">\n\n<a class=\"gb-button gb-button-5388c040 gb-button-text\" href=\"https:\/\/www.glovebox.es\/es\/contactenos\/\">Solicitar presupuesto<\/a>\n\n<\/div><\/div><\/div>\n\n\n<div class=\"gb-container gb-container-c8da03ea alignfull\">\n<div class=\"gb-grid-wrapper gb-grid-wrapper-e8bf5d96\">\n<div class=\"gb-grid-column gb-grid-column-7d2dd83c\"><div class=\"gb-container gb-container-7d2dd83c\"><\/div><\/div>\n\n<div class=\"gb-grid-column gb-grid-column-2cb3a42b\"><div class=\"gb-container gb-container-2cb3a42b\">\n\n<p class=\"has-contrast-2-color has-text-color\"><strong>El modelo 021AD (4 puertos)<\/strong> est\u00e1 fabricado en acero inoxidable 304 y tiene unas dimensiones de 2200 (An) mm X 1100 (Pr) mm X 890 (Al) mm. Tiene ventanas de policarbonato lexan (T:10 mm), cuatro pares de guantes de goma de butilo, dos luces externas y dos puertos de servicio KF (NW40). La capacidad de vac\u00edo es de 1X10<sup>-3<\/sup> torr y la prueba de fugas es de 0,05 vol%\/hr seg\u00fan ISO 10648-2. Incluye una antec\u00e1mara de 380mm X 500mm, una mini antec\u00e1mara de 150mm X 290mm, una bandeja de 200mm X 500mm y un soporte. <\/p>\n\n\n\n<p class=\"has-contrast-2-color has-text-color\">El soporte mide 2200(ancho) mm x 760(profundidad) mm x 930(alto) mm. El sistema de purificaci\u00f3n incluye un nivel de pureza de menos de 1 ppm de O<sub>2<\/sub> y H<sub>2<\/sub> O. Utiliza un catalizador de ox\u00edgeno y un tamiz molecular. Est\u00e1 equipado con control autom\u00e1tico por PLC y un panel de control con pantalla t\u00e1ctil de 7\u2033 a todo color. El programa de autorregeneraci\u00f3n est\u00e1 programado en el PLC. La velocidad del ventilador se controla hasta un m\u00e1ximo de 63 CFM (1,78 m\u00b3\/min) y la bomba de vac\u00edo tiene una capacidad de 200 L\/min.<\/p>\n\n<\/div><\/div>\n\n<div class=\"gb-grid-column gb-grid-column-18ca714b\"><div class=\"gb-container gb-container-18ca714b\"><\/div><\/div>\n<\/div>\n<\/div>\n\n<div class=\"gb-container gb-container-4c28776e alignfull\">\n\n<h4 class=\"gb-headline gb-headline-99bebdc1 gb-headline-text\"><strong>Descubre Otros Modelos de Caja de Guantes<\/strong><\/h4>\n\n\n<div class=\"gb-container gb-container-e9f9d1b0\">\n<div class=\"gb-grid-wrapper gb-grid-wrapper-5f3786cd\">\n<div class=\"gb-grid-column gb-grid-column-ee96f1e5\"><div class=\"gb-container gb-container-ee96f1e5\">\n\n<h5 class=\"gb-headline gb-headline-410aae91 gb-headline-text\"><strong>Gloveboxes<\/strong><\/h5>\n\n\n\n<p style=\"font-size:15px\"><a href=\"https:\/\/www.glovebox.es\/es\/caja-de-guantes-estandar\/caja-de-guantes-un-solo-lado-1-persona\/\">Caja de Guantes (un solo lado, 1 persona)<\/a><\/p>\n\n\n\n<p style=\"font-size:15px\"><a href=\"https:\/\/www.glovebox.es\/es\/caja-de-guantes-estandar\/caja-de-guantes-un-solo-lado-1-5-personas\/\">Caja de Guantes (Un solo lado, 1,5 personas)<\/a><\/p>\n\n\n\n<p style=\"font-size:15px\"><a href=\"https:\/\/www.glovebox.es\/es\/caja-de-guantes-estandar\/caja-de-guantes-un-solo-lado-2-personas\/\">Caja de Guantes (Un solo lado, 2 personas)<\/a><\/p>\n\n\n\n<p style=\"font-size:15px\"><a href=\"https:\/\/www.glovebox.es\/es\/caja-de-guantes-estandar\/caja-de-guantes-doble-cara-2-personas\/\">Caja de Guantes (Doble cara, 2 personas)<\/a><\/p>\n\n\n\n<p style=\"font-size:15px\"><a href=\"https:\/\/www.glovebox.es\/es\/caja-de-guantes-estandar\/caja-de-guantes-doble-cara-4-personas\/\">Caja de Guantes (Doble cara, 4 personas)<\/a><\/p>\n\n\n\n<p style=\"font-size:15px\"><a href=\"https:\/\/www.glovebox.es\/es\/caja-de-guantes-de-alta-seguridad-y-rendimiento\/\">Caja de Guantes de Alta Seguridad Y Rendimiento<\/a><\/p>\n\n\n\n<p style=\"font-size:15px\"><a href=\"https:\/\/www.glovebox.es\/es\/el-sistema-aislador-modelo-iso-4-entradas\/\">El Sistema Aislador Modelo ISO<\/a><\/p>\n\n<\/div><\/div>\n\n<div class=\"gb-grid-column gb-grid-column-9fb5b444\"><div class=\"gb-container gb-container-9fb5b444\">\n\n<h5 class=\"gb-headline gb-headline-a4875cd2 gb-headline-text\"><strong>Glovebox Accessories<\/strong><\/h5>\n\n\n\n<p style=\"font-size:15px\"><a href=\"https:\/\/www.glovebox.es\/es\/productos-opcionales\/trampa-de-solvente\/\">Trampa de Solvente<\/a><\/p>\n\n\n\n<p style=\"font-size:15px\"><a href=\"https:\/\/www.glovebox.es\/es\/productos-opcionales\/aspiradora-horno\/\">Aspiradora Horno<\/a><\/p>\n\n\n\n<p style=\"font-size:15px\"><a href=\"https:\/\/www.glovebox.es\/es\/productos-opcionales\/refrigerador\/\">Refrigerador<\/a><\/p>\n\n\n\n<p style=\"font-size:15px\"><a href=\"https:\/\/www.glovebox.es\/es\/productos-opcionales\/microscopio\/\">Microscopio<\/a><\/p>\n\n\n\n<p style=\"font-size:15px\"><a href=\"https:\/\/www.glovebox.es\/es\/productos-opcionales\/sensor-analizador-de-oxigeno\/\">Sensor Analizador de Ox\u00edgeno<\/a><\/p>\n\n\n\n<p style=\"font-size:15px\"><a href=\"https:\/\/www.glovebox.es\/es\/productos-opcionales\/analizador-de-humedad-del-sensor\/\">Sensor Analizador de Humedad<\/a><\/p>\n\n<\/div><\/div>\n\n<div class=\"gb-grid-column gb-grid-column-b48e83fb\"><div class=\"gb-container gb-container-b48e83fb\">\n\n<figure class=\"wp-block-image size-full\"><img loading=\"lazy\" decoding=\"async\" width=\"885\" height=\"657\" src=\"https:\/\/www.glovebox.es\/wp-content\/uploads\/2024\/02\/2glovebox-3ports.webp\" alt=\"Glovebox Single sided with 3 ports\" class=\"wp-image-2058\" srcset=\"https:\/\/www.glovebox.es\/wp-content\/uploads\/2024\/02\/2glovebox-3ports.webp 885w, https:\/\/www.glovebox.es\/wp-content\/uploads\/2024\/02\/2glovebox-3ports-300x223.webp 300w, https:\/\/www.glovebox.es\/wp-content\/uploads\/2024\/02\/2glovebox-3ports-768x570.webp 768w\" sizes=\"auto, (max-width: 885px) 100vw, 885px\" \/><\/figure>\n\n<\/div><\/div>\n<\/div>\n<\/div>\n<\/div>","protected":false},"excerpt":{"rendered":"<p>Descubre Otros Modelos de Caja de Guantes<\/p>\n","protected":false},"author":5,"featured_media":0,"parent":1085,"menu_order":0,"comment_status":"closed","ping_status":"closed","template":"","meta":{"footnotes":""},"class_list":["post-1067","page","type-page","status-publish"],"_links":{"self":[{"href":"https:\/\/www.glovebox.es\/es\/wp-json\/wp\/v2\/pages\/1067","targetHints":{"allow":["GET"]}}],"collection":[{"href":"https:\/\/www.glovebox.es\/es\/wp-json\/wp\/v2\/pages"}],"about":[{"href":"https:\/\/www.glovebox.es\/es\/wp-json\/wp\/v2\/types\/page"}],"author":[{"embeddable":true,"href":"https:\/\/www.glovebox.es\/es\/wp-json\/wp\/v2\/users\/5"}],"replies":[{"embeddable":true,"href":"https:\/\/www.glovebox.es\/es\/wp-json\/wp\/v2\/comments?post=1067"}],"version-history":[{"count":13,"href":"https:\/\/www.glovebox.es\/es\/wp-json\/wp\/v2\/pages\/1067\/revisions"}],"predecessor-version":[{"id":2281,"href":"https:\/\/www.glovebox.es\/es\/wp-json\/wp\/v2\/pages\/1067\/revisions\/2281"}],"up":[{"embeddable":true,"href":"https:\/\/www.glovebox.es\/es\/wp-json\/wp\/v2\/pages\/1085"}],"wp:attachment":[{"href":"https:\/\/www.glovebox.es\/es\/wp-json\/wp\/v2\/media?parent=1067"}],"curies":[{"name":"wp","href":"https:\/\/api.w.org\/{rel}","templated":true}]}}