{"id":1111,"date":"2023-05-22T11:48:05","date_gmt":"2023-05-22T11:48:05","guid":{"rendered":"http:\/\/www.glovebox.es\/analizador-de-humedad-del-sensor\/"},"modified":"2024-02-08T13:01:39","modified_gmt":"2024-02-08T13:01:39","slug":"analizador-de-humedad-del-sensor","status":"publish","type":"page","link":"https:\/\/www.glovebox.es\/es\/productos-opcionales\/analizador-de-humedad-del-sensor\/","title":{"rendered":"Sensor Analizador de Humedad"},"content":{"rendered":"<div class=\"gb-grid-wrapper gb-grid-wrapper-bda6940b\">\n<div class=\"gb-grid-column gb-grid-column-5b6834fb\"><div class=\"gb-container gb-container-5b6834fb\"><\/div><\/div>\n\n<div class=\"gb-grid-column gb-grid-column-f9fe484b\"><div class=\"gb-container gb-container-f9fe484b\">\n<div class=\"wp-block-image\">\n<figure class=\"aligncenter size-full is-resized\"><img loading=\"lazy\" decoding=\"async\" width=\"768\" height=\"658\" src=\"https:\/\/www.glovebox.es\/wp-content\/uploads\/2023\/05\/sensor-moisture-analyzer-hp.png\" alt=\"Analizador de humedad del sensor para caja de gunates\" class=\"wp-image-602\" style=\"width:450px;height:386px\" title=\"Analizador de humedad del sensor para caja de guantes\" srcset=\"https:\/\/www.glovebox.es\/wp-content\/uploads\/2023\/05\/sensor-moisture-analyzer-hp.png 768w, https:\/\/www.glovebox.es\/wp-content\/uploads\/2023\/05\/sensor-moisture-analyzer-hp-300x257.png 300w\" sizes=\"auto, (max-width: 768px) 100vw, 768px\" \/><\/figure>\n<\/div>\n\n\n<h2 class=\"gb-headline gb-headline-0ef285bf gb-headline-text\">Sensor Analizador de Humedad<\/h2>\n\n<\/div><\/div>\n\n<div class=\"gb-grid-column gb-grid-column-b37ac143\"><div class=\"gb-container gb-container-b37ac143\"><\/div><\/div>\n<\/div>\n\n<div class=\"gb-grid-wrapper gb-grid-wrapper-cb2651ba\">\n<div class=\"gb-grid-column gb-grid-column-d1c30976\"><div class=\"gb-container gb-container-d1c30976\"><\/div><\/div>\n\n<div class=\"gb-grid-column gb-grid-column-eb1e452a\"><div class=\"gb-container gb-container-eb1e452a\">\n\n<div class=\"wp-block-columns is-layout-flex wp-container-core-columns-is-layout-9d6595d7 wp-block-columns-is-layout-flex\">\n<div class=\"wp-block-column is-vertically-aligned-top is-layout-flow wp-block-column-is-layout-flow\">\n<h3 class=\"gb-headline gb-headline-9bedee39 gb-headline-text\"><strong>Composici\u00f3n<\/strong><\/h3>\n\n\n\n<figure class=\"wp-block-table\" style=\"font-size:14px\"><table><tbody><tr><td>Tipo de \u00f3xido de aluminio de pel\u00edcula delgada.<\/td><\/tr><tr><td>Basado en microprocesador, toda la tecnolog\u00eda digital para una operaci\u00f3n confiable.<\/td><\/tr><tr><td>Tama\u00f1o compacto<\/td><\/tr><tr><td>Salida de 4 a 20 mA alimentada por lazo.<\/td><\/tr><tr><td>Calibraci\u00f3n trazable NIST.<\/td><\/tr><tr><td>Precisi\u00f3n: +\/- 2 \u2103<\/td><\/tr><tr><td>Rango de medici\u00f3n: 0 ~ 1000 ppm<\/td><\/tr><tr><td>Salida: 4-20 mA CC activa<\/td><\/tr><tr><td>Sensor: sensor de pol\u00edmero capacitivo de pel\u00edcula delgada<br>Tiempo de respuesta 63 %[90%] [90 %] a una temperatura de gas de +20 \u2103 y<br>una presi\u00f3n de 1 bar<\/td><\/tr><tr><td>Cumple con la norma EMC EN61326-1, Equipos el\u00e9ctricos para control de medidas y uso en laboratorio.<\/td><\/tr><\/tbody><\/table><\/figure>\n<\/div>\n<\/div>\n\n<\/div><\/div>\n\n<div class=\"gb-grid-column gb-grid-column-fe7ff5c6\"><div class=\"gb-container gb-container-fe7ff5c6\">\n\n<h4 class=\"gb-headline gb-headline-a0eb483d gb-headline-text\">Productos Opcionales<\/h4>\n\n\n<ul id=\"menu-optional-items-menu-spanish\" class=\"menu\"><li id=\"menu-item-1213\" class=\"menu-item menu-item-type-post_type menu-item-object-page menu-item-1213\"><a href=\"https:\/\/www.glovebox.es\/es\/productos-opcionales\/trampa-de-solvente\/\">Trampa de Solvente<\/a><\/li>\n<li id=\"menu-item-1214\" class=\"menu-item menu-item-type-post_type menu-item-object-page menu-item-1214\"><a href=\"https:\/\/www.glovebox.es\/es\/productos-opcionales\/aspiradora-horno\/\">Aspiradora Horno<\/a><\/li>\n<li id=\"menu-item-1215\" class=\"menu-item menu-item-type-post_type menu-item-object-page menu-item-1215\"><a href=\"https:\/\/www.glovebox.es\/es\/productos-opcionales\/refrigerador\/\">Refrigerador<\/a><\/li>\n<li id=\"menu-item-1219\" class=\"menu-item menu-item-type-post_type menu-item-object-page menu-item-1219\"><a href=\"https:\/\/www.glovebox.es\/es\/productos-opcionales\/microscopio\/\" title=\"Microscopio\">Microscopio para Caja de Guantes<\/a><\/li>\n<li id=\"menu-item-1220\" class=\"menu-item menu-item-type-post_type menu-item-object-page menu-item-1220\"><a href=\"https:\/\/www.glovebox.es\/es\/productos-opcionales\/sensor-analizador-de-oxigeno\/\">Sensor Analizador de Ox\u00edgeno<\/a><\/li>\n<li id=\"menu-item-1221\" class=\"menu-item menu-item-type-post_type menu-item-object-page menu-item-1221\"><a href=\"https:\/\/www.glovebox.es\/es\/productos-opcionales\/analizador-de-humedad-del-sensor\/\">Sensor Analizador de Humedad<\/a><\/li>\n<\/ul>\n\n<\/div><\/div>\n<\/div>\n\n<div class=\"gb-container gb-container-b432f0f7\">\n\n<a class=\"gb-button gb-button-5388c040 gb-button-text\" href=\"https:\/\/www.glovebox.es\/es\/contactenos\/\">Solicitar presupuesto<\/a>\n\n<\/div>\n\n<div class=\"gb-container gb-container-c8da03ea alignfull\">\n<div class=\"gb-grid-wrapper gb-grid-wrapper-e8bf5d96\">\n<div class=\"gb-grid-column gb-grid-column-7d2dd83c\"><div class=\"gb-container gb-container-7d2dd83c\"><\/div><\/div>\n\n<div class=\"gb-grid-column gb-grid-column-2cb3a42b\"><div class=\"gb-container gb-container-2cb3a42b\">\n\n<p class=\"has-contrast-2-color has-text-color\">El Analizador de humedad, es un sensor de medici\u00f3n de humedad construido con tecnolog\u00eda basada en microprocesador digital para garantizar un funcionamiento confiable. Cuenta con un sensor de pol\u00edmero capacitivo de pel\u00edcula delgada y una salida de bucle de CC de 4-20 mA que mide el rango de 0-1000 ppm con una precisi\u00f3n de +\/- 2 \u00b0C. El tama\u00f1o compacto del sensor facilita la integraci\u00f3n en varios tipos de configuraciones del sistema. Su respuesta va del 63% al 90% con un tiempo de respuesta de 20\u00b0C y una presi\u00f3n de 1 bar. El analizador de humedad est\u00e1 calibrado seg\u00fan el est\u00e1ndar rastreable NIST y cumple con el est\u00e1ndar de compatibilidad electromagn\u00e9tica EN61326-1 para equipos de medici\u00f3n, control y laboratorio.<\/p>\n\n<\/div><\/div>\n\n<div class=\"gb-grid-column gb-grid-column-18ca714b\"><div class=\"gb-container gb-container-18ca714b\"><\/div><\/div>\n<\/div>\n<\/div>","protected":false},"excerpt":{"rendered":"","protected":false},"author":5,"featured_media":0,"parent":1115,"menu_order":0,"comment_status":"closed","ping_status":"closed","template":"","meta":{"footnotes":""},"class_list":["post-1111","page","type-page","status-publish"],"_links":{"self":[{"href":"https:\/\/www.glovebox.es\/es\/wp-json\/wp\/v2\/pages\/1111","targetHints":{"allow":["GET"]}}],"collection":[{"href":"https:\/\/www.glovebox.es\/es\/wp-json\/wp\/v2\/pages"}],"about":[{"href":"https:\/\/www.glovebox.es\/es\/wp-json\/wp\/v2\/types\/page"}],"author":[{"embeddable":true,"href":"https:\/\/www.glovebox.es\/es\/wp-json\/wp\/v2\/users\/5"}],"replies":[{"embeddable":true,"href":"https:\/\/www.glovebox.es\/es\/wp-json\/wp\/v2\/comments?post=1111"}],"version-history":[{"count":6,"href":"https:\/\/www.glovebox.es\/es\/wp-json\/wp\/v2\/pages\/1111\/revisions"}],"predecessor-version":[{"id":2147,"href":"https:\/\/www.glovebox.es\/es\/wp-json\/wp\/v2\/pages\/1111\/revisions\/2147"}],"up":[{"embeddable":true,"href":"https:\/\/www.glovebox.es\/es\/wp-json\/wp\/v2\/pages\/1115"}],"wp:attachment":[{"href":"https:\/\/www.glovebox.es\/es\/wp-json\/wp\/v2\/media?parent=1111"}],"curies":[{"name":"wp","href":"https:\/\/api.w.org\/{rel}","templated":true}]}}