{"id":1113,"date":"2023-05-22T11:49:04","date_gmt":"2023-05-22T11:49:04","guid":{"rendered":"http:\/\/www.glovebox.es\/microscopio\/"},"modified":"2024-02-08T12:59:20","modified_gmt":"2024-02-08T12:59:20","slug":"microscopio","status":"publish","type":"page","link":"https:\/\/www.glovebox.es\/es\/productos-opcionales\/microscopio\/","title":{"rendered":"Microscopio para Caja de Guantes"},"content":{"rendered":"<div class=\"gb-grid-wrapper gb-grid-wrapper-bda6940b\">\n<div class=\"gb-grid-column gb-grid-column-5b6834fb\"><div class=\"gb-container gb-container-5b6834fb\"><\/div><\/div>\n\n<div class=\"gb-grid-column gb-grid-column-f9fe484b\"><div class=\"gb-container gb-container-f9fe484b\">\n\n<figure class=\"gb-block-image gb-block-image-2a9a1e1d\"><img loading=\"lazy\" decoding=\"async\" width=\"768\" height=\"658\" class=\"gb-image gb-image-2a9a1e1d\" src=\"https:\/\/www.glovebox.es\/wp-content\/uploads\/2023\/06\/optional-item-micrscope.png\" alt=\"Microscopio para caja de guantes\" title=\"Microscopio para caja de guantes\" srcset=\"https:\/\/www.glovebox.es\/wp-content\/uploads\/2023\/06\/optional-item-micrscope.png 768w, https:\/\/www.glovebox.es\/wp-content\/uploads\/2023\/06\/optional-item-micrscope-300x257.png 300w\" sizes=\"auto, (max-width: 768px) 100vw, 768px\" \/><\/figure>\n\n\n\n<h2 class=\"gb-headline gb-headline-0ef285bf gb-headline-text\">Microscopio para Caja de Guantes<\/h2>\n\n<\/div><\/div>\n\n<div class=\"gb-grid-column gb-grid-column-b37ac143\"><div class=\"gb-container gb-container-b37ac143\"><\/div><\/div>\n<\/div>\n\n<div class=\"gb-grid-wrapper gb-grid-wrapper-8950d6db\">\n<div class=\"gb-grid-column gb-grid-column-e2f888a5\"><div class=\"gb-container gb-container-e2f888a5\"><\/div><\/div>\n\n<div class=\"gb-grid-column gb-grid-column-8ec7aa61\"><div class=\"gb-container gb-container-8ec7aa61\">\n\n<div class=\"wp-block-columns is-layout-flex wp-container-core-columns-is-layout-9d6595d7 wp-block-columns-is-layout-flex\">\n<div class=\"wp-block-column is-vertically-aligned-top is-layout-flow wp-block-column-is-layout-flow\">\n<h3 class=\"gb-headline gb-headline-38b76799 gb-headline-text\"><strong>Composici\u00f3n<\/strong><\/h3>\n\n\n\n<figure class=\"wp-block-table\" style=\"font-size:14px\"><table><tbody><tr><td>Este sistema instal\u00f3 un sistema de microscopio de video en la caja.<br><\/td><\/tr><tr><td>Algunas cosas son dif\u00edciles de observar debido a la humedad o al ox\u00edgeno en la atm\u00f3sfera.<\/td><\/tr><tr><td>Un dispositivo dise\u00f1ado para agrandar este tipo de cosas m\u00e1s f\u00e1cilmente a trav\u00e9s de la c\u00e1mara ccd en la caja.<\/td><\/tr><tr><td>La ampliaci\u00f3n del microscopio se puede ajustar seg\u00fan las necesidades del usuario.<\/td><\/tr><\/tbody><\/table><\/figure>\n<\/div>\n<\/div>\n\n<\/div><\/div>\n\n<div class=\"gb-grid-column gb-grid-column-c3b80b3b\"><div class=\"gb-container gb-container-c3b80b3b\">\n\n<h4 class=\"gb-headline gb-headline-8b842df8 gb-headline-text\">Productos Opcionales<\/h4>\n\n\n<ul id=\"menu-optional-items-menu-spanish\" class=\"menu\"><li id=\"menu-item-1213\" class=\"menu-item menu-item-type-post_type menu-item-object-page menu-item-1213\"><a href=\"https:\/\/www.glovebox.es\/es\/productos-opcionales\/trampa-de-solvente\/\">Trampa de Solvente<\/a><\/li>\n<li id=\"menu-item-1214\" class=\"menu-item menu-item-type-post_type menu-item-object-page menu-item-1214\"><a href=\"https:\/\/www.glovebox.es\/es\/productos-opcionales\/aspiradora-horno\/\">Aspiradora Horno<\/a><\/li>\n<li id=\"menu-item-1215\" class=\"menu-item menu-item-type-post_type menu-item-object-page menu-item-1215\"><a href=\"https:\/\/www.glovebox.es\/es\/productos-opcionales\/refrigerador\/\">Refrigerador<\/a><\/li>\n<li id=\"menu-item-1219\" class=\"menu-item menu-item-type-post_type menu-item-object-page menu-item-1219\"><a href=\"https:\/\/www.glovebox.es\/es\/productos-opcionales\/microscopio\/\" title=\"Microscopio\">Microscopio para Caja de Guantes<\/a><\/li>\n<li id=\"menu-item-1220\" class=\"menu-item menu-item-type-post_type menu-item-object-page menu-item-1220\"><a href=\"https:\/\/www.glovebox.es\/es\/productos-opcionales\/sensor-analizador-de-oxigeno\/\">Sensor Analizador de Ox\u00edgeno<\/a><\/li>\n<li id=\"menu-item-1221\" class=\"menu-item menu-item-type-post_type menu-item-object-page menu-item-1221\"><a href=\"https:\/\/www.glovebox.es\/es\/productos-opcionales\/analizador-de-humedad-del-sensor\/\">Sensor Analizador de Humedad<\/a><\/li>\n<\/ul>\n\n<\/div><\/div>\n<\/div>\n\n<div class=\"gb-container gb-container-b432f0f7\">\n\n<a class=\"gb-button gb-button-5388c040 gb-button-text\" href=\"https:\/\/www.glovebox.es\/es\/contactenos\/\">Solicitar presupuesto<\/a>\n\n<\/div>\n\n<div class=\"gb-container gb-container-c8da03ea alignfull\">\n<div class=\"gb-grid-wrapper gb-grid-wrapper-e8bf5d96\">\n<div class=\"gb-grid-column gb-grid-column-7d2dd83c\"><div class=\"gb-container gb-container-7d2dd83c\"><\/div><\/div>\n\n<div class=\"gb-grid-column gb-grid-column-2cb3a42b\"><div class=\"gb-container gb-container-2cb3a42b\">\n\n<p class=\"has-contrast-2-color has-text-color\">El sistema de composici\u00f3n b\u00e1sico incluye la instalaci\u00f3n de un sistema de microscopio de video en la caja. Algunas cosas pueden ser dif\u00edciles de observar debido a la humedad o al ox\u00edgeno en la atm\u00f3sfera. <\/p>\n\n\n\n<p class=\"has-contrast-2-color has-text-color\">Este dispositivo est\u00e1 dise\u00f1ado para ampliar estas cosas m\u00e1s f\u00e1cilmente con la c\u00e1mara CCD en la caja. El aumento del microscopio se puede ajustar seg\u00fan las necesidades del usuario.<\/p>\n\n<\/div><\/div>\n\n<div class=\"gb-grid-column gb-grid-column-18ca714b\"><div class=\"gb-container gb-container-18ca714b\"><\/div><\/div>\n<\/div>\n<\/div>","protected":false},"excerpt":{"rendered":"","protected":false},"author":5,"featured_media":0,"parent":1115,"menu_order":0,"comment_status":"closed","ping_status":"closed","template":"","meta":{"footnotes":""},"class_list":["post-1113","page","type-page","status-publish"],"_links":{"self":[{"href":"https:\/\/www.glovebox.es\/es\/wp-json\/wp\/v2\/pages\/1113","targetHints":{"allow":["GET"]}}],"collection":[{"href":"https:\/\/www.glovebox.es\/es\/wp-json\/wp\/v2\/pages"}],"about":[{"href":"https:\/\/www.glovebox.es\/es\/wp-json\/wp\/v2\/types\/page"}],"author":[{"embeddable":true,"href":"https:\/\/www.glovebox.es\/es\/wp-json\/wp\/v2\/users\/5"}],"replies":[{"embeddable":true,"href":"https:\/\/www.glovebox.es\/es\/wp-json\/wp\/v2\/comments?post=1113"}],"version-history":[{"count":8,"href":"https:\/\/www.glovebox.es\/es\/wp-json\/wp\/v2\/pages\/1113\/revisions"}],"predecessor-version":[{"id":2144,"href":"https:\/\/www.glovebox.es\/es\/wp-json\/wp\/v2\/pages\/1113\/revisions\/2144"}],"up":[{"embeddable":true,"href":"https:\/\/www.glovebox.es\/es\/wp-json\/wp\/v2\/pages\/1115"}],"wp:attachment":[{"href":"https:\/\/www.glovebox.es\/es\/wp-json\/wp\/v2\/media?parent=1113"}],"curies":[{"name":"wp","href":"https:\/\/api.w.org\/{rel}","templated":true}]}}