{"id":1115,"date":"2023-06-09T16:17:38","date_gmt":"2023-06-09T16:17:38","guid":{"rendered":"http:\/\/www.glovebox.es\/elementos-opcionales\/"},"modified":"2024-02-09T10:21:19","modified_gmt":"2024-02-09T10:21:19","slug":"productos-opcionales","status":"publish","type":"page","link":"https:\/\/www.glovebox.es\/es\/productos-opcionales\/","title":{"rendered":"Productos Opcionales"},"content":{"rendered":"\n<h2 class=\"gb-headline gb-headline-be23b6f3 gb-headline-text\">Estos elementos opcionales ampl\u00edan las capacidades de las cajas de guantes, permitiendo a investigadores y t\u00e9cnicos realizar una gama m\u00e1s amplia de tareas con precisi\u00f3n y eficacia.<\/h2>\n\n\n<div class=\"gb-grid-wrapper gb-grid-wrapper-b003e9ed\">\n<div class=\"gb-grid-column gb-grid-column-b6ce856f\"><div class=\"gb-container gb-container-b6ce856f\">\n\n<figure class=\"wp-block-image size-full\"><img loading=\"lazy\" decoding=\"async\" width=\"768\" height=\"658\" src=\"https:\/\/www.glovebox.es\/wp-content\/uploads\/2023\/06\/optional-solvent-trap-min.png\" alt=\"Caja de guantes Trampa de solvente\" class=\"wp-image-810\" title=\"Caja de guantes Trampa de solvente\" srcset=\"https:\/\/www.glovebox.es\/wp-content\/uploads\/2023\/06\/optional-solvent-trap-min.png 768w, https:\/\/www.glovebox.es\/wp-content\/uploads\/2023\/06\/optional-solvent-trap-min-300x257.png 300w\" sizes=\"auto, (max-width: 768px) 100vw, 768px\" \/><\/figure>\n\n\n\n<h3 class=\"gb-headline gb-headline-48e00ac5 gb-headline-text\">Trampa de Solvente<\/h3>\n\n\n\n<a class=\"gb-button gb-button-276300e3 gb-button-text\" href=\"https:\/\/www.glovebox.es\/es\/productos-opcionales\/trampa-de-solvente\/\">Aprende m\u00e1s<\/a>\n\n<\/div><\/div>\n\n<div class=\"gb-grid-column gb-grid-column-911a9431\"><div class=\"gb-container gb-container-911a9431\">\n\n<figure class=\"wp-block-image size-full\"><img loading=\"lazy\" decoding=\"async\" width=\"768\" height=\"658\" src=\"https:\/\/www.glovebox.es\/wp-content\/uploads\/2023\/06\/optional-vacuum-oven-min.png\" alt=\"Caja de guantes Aspiradora horno\" class=\"wp-image-811\" title=\"Caja de guantes Aspiradora horno\" srcset=\"https:\/\/www.glovebox.es\/wp-content\/uploads\/2023\/06\/optional-vacuum-oven-min.png 768w, https:\/\/www.glovebox.es\/wp-content\/uploads\/2023\/06\/optional-vacuum-oven-min-300x257.png 300w\" sizes=\"auto, (max-width: 768px) 100vw, 768px\" \/><\/figure>\n\n\n\n<h3 class=\"gb-headline gb-headline-06cdc2c7 gb-headline-text\">Aspiradora Horno<\/h3>\n\n\n\n<a class=\"gb-button gb-button-681e8648 gb-button-text\" href=\"https:\/\/www.glovebox.es\/es\/productos-opcionales\/aspiradora-horno\/\">Aprende m\u00e1s<\/a>\n\n<\/div><\/div>\n\n<div class=\"gb-grid-column gb-grid-column-14c4c676\"><div class=\"gb-container gb-container-14c4c676\">\n\n<figure class=\"wp-block-image size-full\"><img loading=\"lazy\" decoding=\"async\" width=\"768\" height=\"658\" src=\"https:\/\/www.glovebox.es\/wp-content\/uploads\/2023\/06\/optional-refrigerator-min.png\" alt=\"Caja de guantes Refrigerador\" class=\"wp-image-812\" title=\"Caja de guantes Refrigerador\" srcset=\"https:\/\/www.glovebox.es\/wp-content\/uploads\/2023\/06\/optional-refrigerator-min.png 768w, https:\/\/www.glovebox.es\/wp-content\/uploads\/2023\/06\/optional-refrigerator-min-300x257.png 300w\" sizes=\"auto, (max-width: 768px) 100vw, 768px\" \/><\/figure>\n\n\n\n<h3 class=\"gb-headline gb-headline-3961acd4 gb-headline-text\">Refrigerador<\/h3>\n\n\n\n<a class=\"gb-button gb-button-5c30d81a gb-button-text\" href=\"https:\/\/www.glovebox.es\/es\/productos-opcionales\/refrigerador\/\">Aprende m\u00e1s<\/a>\n\n<\/div><\/div>\n<\/div>\n\n\n<div style=\"height:100px\" aria-hidden=\"true\" class=\"wp-block-spacer\"><\/div>\n\n\n<div class=\"gb-grid-wrapper gb-grid-wrapper-9f00fc44\">\n<div class=\"gb-grid-column gb-grid-column-51ae8495\"><div class=\"gb-container gb-container-51ae8495\">\n\n<figure class=\"wp-block-image size-full\"><img loading=\"lazy\" decoding=\"async\" width=\"768\" height=\"658\" src=\"https:\/\/www.glovebox.es\/wp-content\/uploads\/2023\/06\/optional-item-micrscope.png\" alt=\"Caja de guantes Sistema de microscopio\" class=\"wp-image-792\" title=\"Caja de guantes Sistema de microscopio\" srcset=\"https:\/\/www.glovebox.es\/wp-content\/uploads\/2023\/06\/optional-item-micrscope.png 768w, https:\/\/www.glovebox.es\/wp-content\/uploads\/2023\/06\/optional-item-micrscope-300x257.png 300w\" sizes=\"auto, (max-width: 768px) 100vw, 768px\" \/><\/figure>\n\n\n\n<h3 class=\"gb-headline gb-headline-8c2042fa gb-headline-text\">Sistema de Microscopio<\/h3>\n\n\n\n<a class=\"gb-button gb-button-e7eb4875 gb-button-text\" href=\"https:\/\/www.glovebox.es\/es\/productos-opcionales\/microscopio\/\">Aprende m\u00e1s<\/a>\n\n<\/div><\/div>\n\n<div class=\"gb-grid-column gb-grid-column-0a1202df\"><div class=\"gb-container gb-container-0a1202df\">\n\n<figure class=\"wp-block-image size-full\"><img loading=\"lazy\" decoding=\"async\" width=\"768\" height=\"658\" src=\"https:\/\/www.glovebox.es\/wp-content\/uploads\/2023\/06\/sensor-oxygen-analyzer-hp.png\" alt=\"Analizador de ox\u00edgeno del sensor\" class=\"wp-image-791\" title=\"Analizador de ox\u00edgeno del sensor\" srcset=\"https:\/\/www.glovebox.es\/wp-content\/uploads\/2023\/06\/sensor-oxygen-analyzer-hp.png 768w, https:\/\/www.glovebox.es\/wp-content\/uploads\/2023\/06\/sensor-oxygen-analyzer-hp-300x257.png 300w\" sizes=\"auto, (max-width: 768px) 100vw, 768px\" \/><\/figure>\n\n\n\n<h3 class=\"gb-headline gb-headline-b066ec82 gb-headline-text\">Ox\u00edgeno del Sensor<br>Analizador<\/h3>\n\n\n\n<a class=\"gb-button gb-button-f3a88300 gb-button-text\" href=\"https:\/\/www.glovebox.es\/es\/productos-opcionales\/sensor-analizador-de-oxigeno\/\">Aprende m\u00e1s<\/a>\n\n<\/div><\/div>\n\n<div class=\"gb-grid-column gb-grid-column-6262b054\"><div class=\"gb-container gb-container-6262b054\">\n\n<figure class=\"wp-block-image size-full\"><img loading=\"lazy\" decoding=\"async\" width=\"768\" height=\"658\" src=\"https:\/\/www.glovebox.es\/wp-content\/uploads\/2023\/05\/sensor-moisture-analyzer-hp.png\" alt=\"Analizador de humedad del sensor\" class=\"wp-image-602\" title=\"Analizador de humedad del sensor\" srcset=\"https:\/\/www.glovebox.es\/wp-content\/uploads\/2023\/05\/sensor-moisture-analyzer-hp.png 768w, https:\/\/www.glovebox.es\/wp-content\/uploads\/2023\/05\/sensor-moisture-analyzer-hp-300x257.png 300w\" sizes=\"auto, (max-width: 768px) 100vw, 768px\" \/><\/figure>\n\n\n\n<h3 class=\"gb-headline gb-headline-f42d868a gb-headline-text\">Humedad del Sensor<br>Analizador<\/h3>\n\n\n\n<a class=\"gb-button gb-button-70a91129 gb-button-text\" href=\"https:\/\/www.glovebox.es\/es\/productos-opcionales\/analizador-de-humedad-del-sensor\/\">Aprende m\u00e1s<\/a>\n\n<\/div><\/div>\n<\/div>","protected":false},"excerpt":{"rendered":"<p>Estos elementos opcionales ampl\u00edan las capacidades de las cajas de guantes, permitiendo a investigadores y t\u00e9cnicos realizar una gama m\u00e1s amplia de tareas con precisi\u00f3n y eficacia.<\/p>\n","protected":false},"author":5,"featured_media":0,"parent":0,"menu_order":0,"comment_status":"closed","ping_status":"closed","template":"","meta":{"footnotes":""},"class_list":["post-1115","page","type-page","status-publish"],"_links":{"self":[{"href":"https:\/\/www.glovebox.es\/es\/wp-json\/wp\/v2\/pages\/1115","targetHints":{"allow":["GET"]}}],"collection":[{"href":"https:\/\/www.glovebox.es\/es\/wp-json\/wp\/v2\/pages"}],"about":[{"href":"https:\/\/www.glovebox.es\/es\/wp-json\/wp\/v2\/types\/page"}],"author":[{"embeddable":true,"href":"https:\/\/www.glovebox.es\/es\/wp-json\/wp\/v2\/users\/5"}],"replies":[{"embeddable":true,"href":"https:\/\/www.glovebox.es\/es\/wp-json\/wp\/v2\/comments?post=1115"}],"version-history":[{"count":9,"href":"https:\/\/www.glovebox.es\/es\/wp-json\/wp\/v2\/pages\/1115\/revisions"}],"predecessor-version":[{"id":2314,"href":"https:\/\/www.glovebox.es\/es\/wp-json\/wp\/v2\/pages\/1115\/revisions\/2314"}],"wp:attachment":[{"href":"https:\/\/www.glovebox.es\/es\/wp-json\/wp\/v2\/media?parent=1115"}],"curies":[{"name":"wp","href":"https:\/\/api.w.org\/{rel}","templated":true}]}}