{"id":1133,"date":"2023-05-22T11:50:39","date_gmt":"2023-05-22T11:50:39","guid":{"rendered":"http:\/\/www.glovebox.es\/elementos-opcionales\/aspiradora-horno\/"},"modified":"2024-02-08T12:57:51","modified_gmt":"2024-02-08T12:57:51","slug":"aspiradora-horno","status":"publish","type":"page","link":"https:\/\/www.glovebox.es\/es\/productos-opcionales\/aspiradora-horno\/","title":{"rendered":"Aspiradora Horno"},"content":{"rendered":"<div class=\"gb-grid-wrapper gb-grid-wrapper-bda6940b\">\n<div class=\"gb-grid-column gb-grid-column-5b6834fb\"><div class=\"gb-container gb-container-5b6834fb\"><\/div><\/div>\n\n<div class=\"gb-grid-column gb-grid-column-f9fe484b\"><div class=\"gb-container gb-container-f9fe484b\">\n<div class=\"wp-block-image\">\n<figure class=\"aligncenter size-full is-resized\"><img loading=\"lazy\" decoding=\"async\" width=\"768\" height=\"658\" src=\"https:\/\/www.glovebox.es\/wp-content\/uploads\/2023\/06\/optional-vacuum-oven-min.png\" alt=\"Horno de vac\u00edo para caja de guantes\" class=\"wp-image-811\" style=\"width:450px;height:386px\" title=\"Horno de vac\u00edo para caja de guantes\" srcset=\"https:\/\/www.glovebox.es\/wp-content\/uploads\/2023\/06\/optional-vacuum-oven-min.png 768w, https:\/\/www.glovebox.es\/wp-content\/uploads\/2023\/06\/optional-vacuum-oven-min-300x257.png 300w\" sizes=\"auto, (max-width: 768px) 100vw, 768px\" \/><\/figure>\n<\/div>\n\n\n<h2 class=\"gb-headline gb-headline-0ef285bf gb-headline-text\"><strong>Aspiradora Horno<\/strong><\/h2>\n\n<\/div><\/div>\n\n<div class=\"gb-grid-column gb-grid-column-b37ac143\"><div class=\"gb-container gb-container-b37ac143\"><\/div><\/div>\n<\/div>\n\n<div class=\"gb-grid-wrapper gb-grid-wrapper-1eeb6596\">\n<div class=\"gb-grid-column gb-grid-column-8778763f\"><div class=\"gb-container gb-container-8778763f\"><\/div><\/div>\n\n<div class=\"gb-grid-column gb-grid-column-49a3abef\"><div class=\"gb-container gb-container-49a3abef\">\n\n<div class=\"wp-block-columns is-layout-flex wp-container-core-columns-is-layout-9d6595d7 wp-block-columns-is-layout-flex\">\n<div class=\"wp-block-column is-vertically-aligned-top is-layout-flow wp-block-column-is-layout-flow\">\n<h3 class=\"gb-headline gb-headline-8d3b8790 gb-headline-text\"><strong>Composici\u00f3n<\/strong><\/h3>\n\n\n\n<figure class=\"wp-block-table\" style=\"font-size:14px\"><table><tbody><tr><td>Di\u00e1metro interior: 300 mm<\/td><\/tr><tr><td>Este dispositivo se puede instalar dentro de una Antec\u00e1mara existente seg\u00fan las necesidades del consumidor.<\/td><\/tr><tr><td>Tambi\u00e9n se puede instalar solo en el otro sentido de la<br>caja de guentes.<\/td><\/tr><tr><td>Este horno se montar\u00e1 en la antec\u00e1mara del lado izquierdo y derecho del<br>sistema de caja de guentes.<\/td><\/tr><tr><td>Cilindro de S\/S de pared simple, montado internamente en inconel.<\/td><\/tr><tr><td>Tama\u00f1o de trabajo: 180 (ancho) x 200 (alto) x 500 (largo) mm.<\/td><\/tr><tr><td>Temperatura de funcionamiento: hasta 200 \u2103<\/td><\/tr><tr><td>Usando temp. : 150\u2103<\/td><\/tr><tr><td>Control SCR<\/td><\/tr><\/tbody><\/table><\/figure>\n<\/div>\n<\/div>\n\n<\/div><\/div>\n\n<div class=\"gb-grid-column gb-grid-column-ceb9993c\"><div class=\"gb-container gb-container-ceb9993c\">\n\n<h4 class=\"gb-headline gb-headline-f1e46c71 gb-headline-text\">Productos Opcionales<\/h4>\n\n\n<ul id=\"menu-optional-items-menu-spanish\" class=\"menu\"><li id=\"menu-item-1213\" class=\"menu-item menu-item-type-post_type menu-item-object-page menu-item-1213\"><a href=\"https:\/\/www.glovebox.es\/es\/productos-opcionales\/trampa-de-solvente\/\">Trampa de Solvente<\/a><\/li>\n<li id=\"menu-item-1214\" class=\"menu-item menu-item-type-post_type menu-item-object-page menu-item-1214\"><a href=\"https:\/\/www.glovebox.es\/es\/productos-opcionales\/aspiradora-horno\/\">Aspiradora Horno<\/a><\/li>\n<li id=\"menu-item-1215\" class=\"menu-item menu-item-type-post_type menu-item-object-page menu-item-1215\"><a href=\"https:\/\/www.glovebox.es\/es\/productos-opcionales\/refrigerador\/\">Refrigerador<\/a><\/li>\n<li id=\"menu-item-1219\" class=\"menu-item menu-item-type-post_type menu-item-object-page menu-item-1219\"><a href=\"https:\/\/www.glovebox.es\/es\/productos-opcionales\/microscopio\/\" title=\"Microscopio\">Microscopio para Caja de Guantes<\/a><\/li>\n<li id=\"menu-item-1220\" class=\"menu-item menu-item-type-post_type menu-item-object-page menu-item-1220\"><a href=\"https:\/\/www.glovebox.es\/es\/productos-opcionales\/sensor-analizador-de-oxigeno\/\">Sensor Analizador de Ox\u00edgeno<\/a><\/li>\n<li id=\"menu-item-1221\" class=\"menu-item menu-item-type-post_type menu-item-object-page menu-item-1221\"><a href=\"https:\/\/www.glovebox.es\/es\/productos-opcionales\/analizador-de-humedad-del-sensor\/\">Sensor Analizador de Humedad<\/a><\/li>\n<\/ul>\n\n<\/div><\/div>\n<\/div>\n\n<div class=\"gb-container gb-container-b432f0f7\">\n\n<a class=\"gb-button gb-button-af14dab2 gb-button-text\" href=\"https:\/\/www.glovebox.es\/es\/contactenos\/\">Solicitar presupuesto<\/a>\n\n<\/div>\n\n<div class=\"gb-container gb-container-c8da03ea alignfull\">\n<div class=\"gb-grid-wrapper gb-grid-wrapper-e8bf5d96\">\n<div class=\"gb-grid-column gb-grid-column-7d2dd83c\"><div class=\"gb-container gb-container-7d2dd83c\"><\/div><\/div>\n\n<div class=\"gb-grid-column gb-grid-column-2cb3a42b\"><div class=\"gb-container gb-container-2cb3a42b\">\n\n<p class=\"has-contrast-2-color has-text-color\">La composici\u00f3n b\u00e1sica de este dispositivo incluye un cilindro de acero inoxidable de pared simple con un di\u00e1metro interno de 300 mm. Se monta con inconel en el interior y se puede instalar dentro de una antec\u00e1mara existente seg\u00fan las necesidades del consumidor. Tambi\u00e9n se puede instalar solo en el otro sentido de la caja de guentes. Este horno se montar\u00e1 en el lado izquierdo y derecho de la antec\u00e1mara del sistema de caja de guentes.<\/p>\n\n\n\n<p class=\"has-contrast-2-color has-text-color\">Su tama\u00f1o de trabajo es de 180 mm de ancho, 200 mm de alto y 500 mm de largo. Es capaz de funcionar a una temperatura de hasta 200 \u2103, aunque la temperatura de funcionamiento recomendada es de 150 \u2103 Est\u00e1 controlado por SCR (rectificador controlado por silicio) para una mayor precisi\u00f3n. En resumen, es un dispositivo de calentamiento que se usa dentro de la caja de guantes para aplicaciones espec\u00edficas de alta temperatura y requisitos de procesamiento en atm\u00f3sfera controlada.<\/p>\n\n<\/div><\/div>\n\n<div class=\"gb-grid-column gb-grid-column-18ca714b\"><div class=\"gb-container gb-container-18ca714b\"><\/div><\/div>\n<\/div>\n<\/div>","protected":false},"excerpt":{"rendered":"","protected":false},"author":5,"featured_media":0,"parent":1115,"menu_order":0,"comment_status":"closed","ping_status":"closed","template":"","meta":{"footnotes":""},"class_list":["post-1133","page","type-page","status-publish"],"_links":{"self":[{"href":"https:\/\/www.glovebox.es\/es\/wp-json\/wp\/v2\/pages\/1133","targetHints":{"allow":["GET"]}}],"collection":[{"href":"https:\/\/www.glovebox.es\/es\/wp-json\/wp\/v2\/pages"}],"about":[{"href":"https:\/\/www.glovebox.es\/es\/wp-json\/wp\/v2\/types\/page"}],"author":[{"embeddable":true,"href":"https:\/\/www.glovebox.es\/es\/wp-json\/wp\/v2\/users\/5"}],"replies":[{"embeddable":true,"href":"https:\/\/www.glovebox.es\/es\/wp-json\/wp\/v2\/comments?post=1133"}],"version-history":[{"count":7,"href":"https:\/\/www.glovebox.es\/es\/wp-json\/wp\/v2\/pages\/1133\/revisions"}],"predecessor-version":[{"id":2142,"href":"https:\/\/www.glovebox.es\/es\/wp-json\/wp\/v2\/pages\/1133\/revisions\/2142"}],"up":[{"embeddable":true,"href":"https:\/\/www.glovebox.es\/es\/wp-json\/wp\/v2\/pages\/1115"}],"wp:attachment":[{"href":"https:\/\/www.glovebox.es\/es\/wp-json\/wp\/v2\/media?parent=1133"}],"curies":[{"name":"wp","href":"https:\/\/api.w.org\/{rel}","templated":true}]}}