{"id":1147,"date":"2023-05-18T10:52:39","date_gmt":"2023-05-18T10:52:39","guid":{"rendered":"http:\/\/www.glovebox.es\/que-es-una-caja-de-guante\/"},"modified":"2024-03-19T16:56:06","modified_gmt":"2024-03-19T16:56:06","slug":"que-es-una-caja-de-guante","status":"publish","type":"page","link":"https:\/\/www.glovebox.es\/es\/que-es-una-caja-de-guante\/","title":{"rendered":"\u00bfQu\u00e9 es una caja de guantes?"},"content":{"rendered":"<div class=\"wp-block-image\">\n<figure class=\"aligncenter size-full is-resized\"><img loading=\"lazy\" decoding=\"async\" width=\"877\" height=\"751\" src=\"https:\/\/www.glovebox.es\/wp-content\/uploads\/2023\/05\/glove-box-KK-011AS-min-3.png\" alt=\"\u00bfQu\u00e9 es una caja de guantes?\" class=\"wp-image-305\" style=\"width:278px;height:238px\" title=\"\u00bfQu\u00e9 es una caja de guantes?\" srcset=\"https:\/\/www.glovebox.es\/wp-content\/uploads\/2023\/05\/glove-box-KK-011AS-min-3.png 877w, https:\/\/www.glovebox.es\/wp-content\/uploads\/2023\/05\/glove-box-KK-011AS-min-3-300x257.png 300w, https:\/\/www.glovebox.es\/wp-content\/uploads\/2023\/05\/glove-box-KK-011AS-min-3-768x658.png 768w\" sizes=\"auto, (max-width: 877px) 100vw, 877px\" \/><figcaption class=\"wp-element-caption\">Caja de Guantes de un Lado, 1 Persona,<br>Modelo: 011AS (2 Puertos)&nbsp;<\/figcaption><\/figure>\n<\/div>\n\n<div class=\"gb-grid-wrapper gb-grid-wrapper-fe77297a\">\n<div class=\"gb-grid-column gb-grid-column-3dd87913\"><div class=\"gb-container gb-container-3dd87913\"><\/div><\/div>\n\n<div class=\"gb-grid-column gb-grid-column-f05b4ae9\"><div class=\"gb-container gb-container-f05b4ae9\">\n\n<h2 class=\"gb-headline gb-headline-15ddec5b gb-headline-text\"><strong>\u00bfQu\u00e9 es una caja de guantes?<\/strong><\/h2>\n\n\n\n<h3 class=\"wp-block-heading\">Caja de guantes en laboratorios<\/h3>\n\n\n\n<p class=\"gb-headline gb-headline-30aee738 gb-headline-text\"><strong>Una caja de guantes<\/strong> es un equipo utilizado en laboratorios e instalaciones industriales para manipular materiales sensibles a la humedad, la oxidaci\u00f3n o la contaminaci\u00f3n del aire. <\/p>\n\n\n\n<p class=\"gb-headline gb-headline-2d2f5fe8 gb-headline-text\">Este dispositivo permite trabajar con sustancias en atm\u00f3sfera inerte, es decir en ausencia de ox\u00edgeno, nitr\u00f3geno u otros gases reactivos.<\/p>\n\n\n\n<h3 class=\"gb-headline gb-headline-bf29407b gb-headline-text\">Construcci\u00f3n y Operaci\u00f3n de las caja de guantes<\/h3>\n\n\n\n<p>La caja de guante es una c\u00e1mara sellada en forma de cubo, generalmente hecha de acero inoxidable o pl\u00e1stico resistente a productos qu\u00edmicos. Est\u00e1 equipado con dos o m\u00e1s guantes de goma adheridos a pu\u00f1os herm\u00e9ticos, que permiten al operador manipular las muestras dentro de la caja sin dejar entrar aire ni humedad.<\/p>\n\n\n\n<p>Una caja de guante suele estar conectada a un sistema de bombeo para mantener una atm\u00f3sfera inerte continua, haciendo circular un gas inerte, como nitr\u00f3geno, arg\u00f3n o helio, a trav\u00e9s de filtros especiales.<\/p>\n\n\n\n<h3 class=\"gb-headline gb-headline-fa355268 gb-headline-text\">Caracter\u00edsticas y componentes de caja de guantes<\/h3>\n\n\n\n<p>Los guantes utilizados en las cajas de guantes suelen estar hechos de nitrilo o l\u00e1tex y pueden reemplazarse f\u00e1cilmente cuando sea necesario, ya que pueden degradarse con el tiempo o contaminarse con productos qu\u00edmicos o microorganismos.<\/p>\n\n\n\n<p>Algunos modelos de caja de guentes est\u00e1n equipados con un sistema de filtraci\u00f3n HEPA para eliminar part\u00edculas finas y contaminantes del aire en la caja, lo que garantiza una mayor seguridad para los operadores.<\/p>\n\n\n\n<h3 class=\"gb-headline gb-headline-3ff4fef4 gb-headline-text\">Aplicaciones comunes de caja de guantes<\/h3>\n\n\n\n<p>Las aplicaciones comunes de las cajas de guantes incluyen el manejo de materiales explosivos, el an\u00e1lisis de materiales sensibles al aire o la humedad, la s\u00edntesis de materiales espec\u00edficos y el estudio de sustancias qu\u00edmicas t\u00f3xicas o radiactivas.<\/p>\n\n\n\n<p>Son una soluci\u00f3n segura y confiable para trabajar con materiales sensibles, que brindan una atm\u00f3sfera inerte para evitar reacciones y contaminaciones no deseadas, al tiempo que brindan protecci\u00f3n general a los operadores.<\/p>\n\n<\/div><\/div>\n\n<div class=\"gb-grid-column gb-grid-column-730e86eb\"><div class=\"gb-container gb-container-730e86eb\"><\/div><\/div>\n<\/div>\n\n<div class=\"gb-container gb-container-8e4e31d3 alignfull\">\n<div class=\"gb-grid-wrapper gb-grid-wrapper-3b836eba\">\n<div class=\"gb-grid-column gb-grid-column-8728403e\"><div class=\"gb-container gb-container-8728403e\"><\/div><\/div>\n\n<div class=\"gb-grid-column gb-grid-column-8634580c\"><div class=\"gb-container gb-container-8634580c\">\n\n<p class=\"gb-headline gb-headline-be1d631a gb-headline-text\">Para presupuestos, preguntas o consultas, p\u00f3ngase en contacto con nosotros hoy mismo!<\/p>\n\n\n<div class=\"gb-container gb-container-a87532a3\">\n\n<a class=\"gb-button gb-button-665579ee gb-button-text\" href=\"https:\/\/www.glovebox.es\/es\/contactenos\/\">Solicitar presupuesto<\/a>\n\n<\/div>\n<\/div><\/div>\n\n<div class=\"gb-grid-column gb-grid-column-322c9443\"><div class=\"gb-container gb-container-322c9443\"><\/div><\/div>\n<\/div>\n<\/div>","protected":false},"excerpt":{"rendered":"","protected":false},"author":5,"featured_media":0,"parent":0,"menu_order":0,"comment_status":"closed","ping_status":"closed","template":"","meta":{"footnotes":""},"class_list":["post-1147","page","type-page","status-publish"],"_links":{"self":[{"href":"https:\/\/www.glovebox.es\/es\/wp-json\/wp\/v2\/pages\/1147","targetHints":{"allow":["GET"]}}],"collection":[{"href":"https:\/\/www.glovebox.es\/es\/wp-json\/wp\/v2\/pages"}],"about":[{"href":"https:\/\/www.glovebox.es\/es\/wp-json\/wp\/v2\/types\/page"}],"author":[{"embeddable":true,"href":"https:\/\/www.glovebox.es\/es\/wp-json\/wp\/v2\/users\/5"}],"replies":[{"embeddable":true,"href":"https:\/\/www.glovebox.es\/es\/wp-json\/wp\/v2\/comments?post=1147"}],"version-history":[{"count":9,"href":"https:\/\/www.glovebox.es\/es\/wp-json\/wp\/v2\/pages\/1147\/revisions"}],"predecessor-version":[{"id":2379,"href":"https:\/\/www.glovebox.es\/es\/wp-json\/wp\/v2\/pages\/1147\/revisions\/2379"}],"wp:attachment":[{"href":"https:\/\/www.glovebox.es\/es\/wp-json\/wp\/v2\/media?parent=1147"}],"curies":[{"name":"wp","href":"https:\/\/api.w.org\/{rel}","templated":true}]}}