{"id":1306,"date":"2022-06-17T12:43:28","date_gmt":"2022-06-17T12:43:28","guid":{"rendered":"http:\/\/www.glovebox.es\/1306-2\/"},"modified":"2024-02-09T08:10:42","modified_gmt":"2024-02-09T08:10:42","slug":"1306-2","status":"publish","type":"page","link":"https:\/\/www.glovebox.es\/es\/","title":{"rendered":"Pagina inicial"},"content":{"rendered":"<div class=\"gb-container gb-container-4c28776e alignfull\">\n<div class=\"gb-grid-wrapper gb-grid-wrapper-6d4568a5\">\n<div class=\"gb-grid-column gb-grid-column-a70a2a74\"><div class=\"gb-container gb-container-a70a2a74\"><\/div><\/div>\n\n<div class=\"gb-grid-column gb-grid-column-9f0f7e9f\"><div class=\"gb-container gb-container-9f0f7e9f\">\n\n<p class=\"gb-headline gb-headline-ea5353d9 gb-headline-text\"><strong>Nuestros Productos<\/strong><\/p>\n\n\n\n<h2 class=\"gb-headline gb-headline-dc0f17cc gb-headline-text\">Caja de Guantes de alta calidad para un rendimiento \u00f3ptimo<\/h2>\n\n\n\n<p class=\"has-base-3-color has-text-color\"><\/p>\n\n<\/div><\/div>\n\n<div class=\"gb-grid-column gb-grid-column-4bd3a55f\"><div class=\"gb-container gb-container-4bd3a55f\"><\/div><\/div>\n<\/div>\n<\/div>\n\n<div class=\"gb-grid-wrapper gb-grid-wrapper-10199df4\">\n<div class=\"gb-grid-column gb-grid-column-c4a2304f\"><div class=\"gb-container gb-container-c4a2304f\">\n<div class=\"wp-block-image\">\n<figure class=\"aligncenter size-full\"><a href=\"https:\/\/www.glovebox.es\/pt-pt\/gloveboxes-padrao\/\"><img loading=\"lazy\" decoding=\"async\" width=\"877\" height=\"751\" src=\"https:\/\/www.glovebox.es\/wp-content\/uploads\/2023\/05\/glove-box-KK-011AS-min-2.png\" alt=\"Guanteras Est\u00e1ndar\" class=\"wp-image-257\" title=\"Guanteras Est\u00e1ndar\" srcset=\"https:\/\/www.glovebox.es\/wp-content\/uploads\/2023\/05\/glove-box-KK-011AS-min-2.png 877w, https:\/\/www.glovebox.es\/wp-content\/uploads\/2023\/05\/glove-box-KK-011AS-min-2-300x257.png 300w, https:\/\/www.glovebox.es\/wp-content\/uploads\/2023\/05\/glove-box-KK-011AS-min-2-768x658.png 768w\" sizes=\"auto, (max-width: 877px) 100vw, 877px\" \/><\/a><\/figure>\n<\/div>\n\n\n<h3 class=\"gb-headline gb-headline-fff05c58 gb-headline-text\"><strong><a href=\"https:\/\/www.glovebox.es\/pt-pt\/gloveboxes-padrao\/\" data-type=\"page\" data-id=\"1085\">Caja de Guantes Est\u00e1ndar<\/a><\/strong><\/h3>\n\n<\/div><\/div>\n\n<div class=\"gb-grid-column gb-grid-column-a574aec4\"><div class=\"gb-container gb-container-a574aec4\">\n<div class=\"wp-block-image\">\n<figure class=\"aligncenter size-full\"><a href=\"https:\/\/www.glovebox.es\/pt-pt\/glovebox-de-alta-seguranca-e-desempenho\/\"><img loading=\"lazy\" decoding=\"async\" width=\"500\" height=\"428\" src=\"https:\/\/www.glovebox.es\/wp-content\/uploads\/2023\/05\/hps-glovebox.jpg\" alt=\"Gloveboxes\" class=\"wp-image-469\" title=\"Gloveboxes\" srcset=\"https:\/\/www.glovebox.es\/wp-content\/uploads\/2023\/05\/hps-glovebox.jpg 500w, https:\/\/www.glovebox.es\/wp-content\/uploads\/2023\/05\/hps-glovebox-300x257.jpg 300w\" sizes=\"auto, (max-width: 500px) 100vw, 500px\" \/><\/a><\/figure>\n<\/div>\n\n\n<h3 class=\"gb-headline gb-headline-2cb913a2 gb-headline-text\"><strong><a href=\"https:\/\/www.glovebox.es\/pt-pt\/glovebox-de-alta-seguranca-e-desempenho\/\" data-type=\"page\" data-id=\"1091\">Caja de Gunates &#8211; Alto Rendimiento<\/a><\/strong><\/h3>\n\n<\/div><\/div>\n\n<div class=\"gb-grid-column gb-grid-column-52aea122\"><div class=\"gb-container gb-container-52aea122\">\n<div class=\"wp-block-image\">\n<figure class=\"aligncenter size-full\"><a href=\"https:\/\/www.glovebox.es\/pt-pt\/gloveboxes-uma-ferramenta-vital-em-diversas-industrias\/\"><img loading=\"lazy\" decoding=\"async\" width=\"877\" height=\"751\" src=\"https:\/\/www.glovebox.es\/wp-content\/uploads\/2022\/06\/KSD-170-Sliding-Door-Type.png\" alt=\"Applications for Gloveboxes\" class=\"wp-image-38\" title=\"Applications for Gloveboxes\" srcset=\"https:\/\/www.glovebox.es\/wp-content\/uploads\/2022\/06\/KSD-170-Sliding-Door-Type.png 877w, https:\/\/www.glovebox.es\/wp-content\/uploads\/2022\/06\/KSD-170-Sliding-Door-Type-300x257.png 300w, https:\/\/www.glovebox.es\/wp-content\/uploads\/2022\/06\/KSD-170-Sliding-Door-Type-768x658.png 768w\" sizes=\"auto, (max-width: 877px) 100vw, 877px\" \/><\/a><\/figure>\n<\/div>\n\n\n<h3 class=\"gb-headline gb-headline-64a1f21a gb-headline-text\"><strong><a href=\"https:\/\/www.glovebox.es\/pt-pt\/gloveboxes-uma-ferramenta-vital-em-diversas-industrias\/\" data-type=\"page\" data-id=\"1135\">Aplicaciones<\/a><\/strong><\/h3>\n\n<\/div><\/div>\n\n<div class=\"gb-grid-column gb-grid-column-971d1cf0\"><div class=\"gb-container gb-container-971d1cf0\">\n<div class=\"wp-block-image\">\n<figure class=\"aligncenter size-full\"><a href=\"https:\/\/www.glovebox.es\/pt-pt\/itens-opcionais\/\"><img loading=\"lazy\" decoding=\"async\" width=\"768\" height=\"658\" src=\"https:\/\/www.glovebox.es\/wp-content\/uploads\/2023\/05\/sensor-moisture-analyzer-hp.png\" alt=\"Productos Opcionales\" class=\"wp-image-602\" title=\"Productos Opcionales\" srcset=\"https:\/\/www.glovebox.es\/wp-content\/uploads\/2023\/05\/sensor-moisture-analyzer-hp.png 768w, https:\/\/www.glovebox.es\/wp-content\/uploads\/2023\/05\/sensor-moisture-analyzer-hp-300x257.png 300w\" sizes=\"auto, (max-width: 768px) 100vw, 768px\" \/><\/a><\/figure>\n<\/div>\n\n\n<h3 class=\"gb-headline gb-headline-bc440bab gb-headline-text\"><strong><a href=\"https:\/\/www.glovebox.es\/pt-pt\/itens-opcionais\/\" data-type=\"page\" data-id=\"1115\">Productos Opcionales<\/a><\/strong><\/h3>\n\n<\/div><\/div>\n<\/div>\n\n\n<div style=\"height:100px\" aria-hidden=\"true\" class=\"wp-block-spacer\"><\/div>\n\n\n<div class=\"gb-container gb-container-e6afde01 alignfull\">\n<div class=\"gb-container gb-container-0871ba45\">\n<div class=\"wp-block-image\">\n<figure class=\"aligncenter size-full\"><img loading=\"lazy\" decoding=\"async\" width=\"230\" height=\"56\" src=\"https:\/\/www.glovebox.es\/wp-content\/uploads\/2023\/05\/logo.png\" alt=\"PhotonExport Logo\" class=\"wp-image-302\" title=\"PhotonExport Logo\"\/><\/figure>\n<\/div>\n<\/div>\n\n<div class=\"gb-container gb-container-8aa1a7f5\">\n\n<h4 class=\"gb-headline gb-headline-b9d10096 gb-headline-text\">Caja de Guantes &#8211; Equipamiento de PhotonExport<\/h4>\n\n\n\n<p class=\"gb-headline gb-headline-c1ccb670 gb-headline-text\">Ofrecemos caja de guantes avanzadas dise\u00f1adas para un control ambiental preciso. Estas cajas de guantes se utilizan para manipular materiales sensibles en una atm\u00f3sfera controlada. Con sistemas de purificaci\u00f3n integrados y capacidades de gesti\u00f3n de gas, estas caja de guantes proporcionan entornos de baja humedad y bajo ox\u00edgeno. Est\u00e1n construidos con materiales de alta calidad para minimizar la contaminaci\u00f3n.<\/p>\n\n<\/div>\n<\/div>\n\n<div class=\"gb-container gb-container-8e4e31d3 alignfull\">\n<div class=\"gb-grid-wrapper gb-grid-wrapper-3b836eba\">\n<div class=\"gb-grid-column gb-grid-column-8728403e\"><div class=\"gb-container gb-container-8728403e\"><\/div><\/div>\n\n<div class=\"gb-grid-column gb-grid-column-8634580c\"><div class=\"gb-container gb-container-8634580c\">\n\n<p class=\"gb-headline gb-headline-be1d631a gb-headline-text\">Para cotizaciones, preguntas o consultas cont\u00e1ctenos hoy!<\/p>\n\n\n<div class=\"gb-container gb-container-a87532a3\">\n\n<a class=\"gb-button gb-button-665579ee gb-button-text\" href=\"https:\/\/www.glovebox.es\/pt-pt\/contactar-nos\/\">Solicitar presupuesto<\/a>\n\n<\/div>\n<\/div><\/div>\n\n<div class=\"gb-grid-column gb-grid-column-322c9443\"><div class=\"gb-container gb-container-322c9443\"><\/div><\/div>\n<\/div>\n<\/div>","protected":false},"excerpt":{"rendered":"<p>Caja de Guantes &#8211; Equipamiento de PhotonExport Ofrecemos caja de guantes avanzadas dise\u00f1adas para un control ambiental preciso. Estas cajas de guantes se utilizan para manipular materiales sensibles en una atm\u00f3sfera controlada. Con sistemas de purificaci\u00f3n integrados y capacidades de gesti\u00f3n de gas, estas &#8230; <a title=\"Pagina inicial\" class=\"read-more\" href=\"https:\/\/www.glovebox.es\/es\/\" aria-label=\"Leer m\u00e1s sobre Pagina inicial\">Leer m\u00e1s<\/a><\/p>\n","protected":false},"author":2,"featured_media":0,"parent":0,"menu_order":0,"comment_status":"closed","ping_status":"closed","template":"","meta":{"footnotes":""},"class_list":["post-1306","page","type-page","status-publish"],"_links":{"self":[{"href":"https:\/\/www.glovebox.es\/es\/wp-json\/wp\/v2\/pages\/1306","targetHints":{"allow":["GET"]}}],"collection":[{"href":"https:\/\/www.glovebox.es\/es\/wp-json\/wp\/v2\/pages"}],"about":[{"href":"https:\/\/www.glovebox.es\/es\/wp-json\/wp\/v2\/types\/page"}],"author":[{"embeddable":true,"href":"https:\/\/www.glovebox.es\/es\/wp-json\/wp\/v2\/users\/2"}],"replies":[{"embeddable":true,"href":"https:\/\/www.glovebox.es\/es\/wp-json\/wp\/v2\/comments?post=1306"}],"version-history":[{"count":19,"href":"https:\/\/www.glovebox.es\/es\/wp-json\/wp\/v2\/pages\/1306\/revisions"}],"predecessor-version":[{"id":2287,"href":"https:\/\/www.glovebox.es\/es\/wp-json\/wp\/v2\/pages\/1306\/revisions\/2287"}],"wp:attachment":[{"href":"https:\/\/www.glovebox.es\/es\/wp-json\/wp\/v2\/media?parent=1306"}],"curies":[{"name":"wp","href":"https:\/\/api.w.org\/{rel}","templated":true}]}}