{"id":1077,"date":"2023-05-19T09:24:27","date_gmt":"2023-05-19T09:24:27","guid":{"rendered":"http:\/\/www.glovebox.es\/glovebox-lado-unico-15-pessoas\/"},"modified":"2024-02-09T10:14:16","modified_gmt":"2024-02-09T10:14:16","slug":"glovebox-lado-unico-15-pessoas","status":"publish","type":"page","link":"https:\/\/www.glovebox.es\/pt-pt\/gloveboxes-padrao\/glovebox-lado-unico-15-pessoas\/","title":{"rendered":"Glovebox (Lado \u00danico, 1,5 Pessoas)"},"content":{"rendered":"\n<div class=\"wp-block-group\"><div class=\"wp-block-group__inner-container is-layout-constrained wp-block-group-is-layout-constrained\"><div class=\"gb-grid-wrapper gb-grid-wrapper-bda6940b\">\n<div class=\"gb-grid-column gb-grid-column-5b6834fb\"><div class=\"gb-container gb-container-5b6834fb\"><\/div><\/div>\n\n<div class=\"gb-grid-column gb-grid-column-f9fe484b\"><div class=\"gb-container gb-container-f9fe484b\">\n<div class=\"wp-block-image\">\n<figure class=\"aligncenter size-full is-resized\"><img loading=\"lazy\" decoding=\"async\" width=\"885\" height=\"657\" src=\"https:\/\/www.glovebox.es\/wp-content\/uploads\/2022\/06\/2.png\" alt=\"Glovebox (Lado \u00danico, 1,5 Pessoas)\" class=\"wp-image-82\" style=\"width:504px;height:373px\" srcset=\"https:\/\/www.glovebox.es\/wp-content\/uploads\/2022\/06\/2.png 885w, https:\/\/www.glovebox.es\/wp-content\/uploads\/2022\/06\/2-300x223.png 300w, https:\/\/www.glovebox.es\/wp-content\/uploads\/2022\/06\/2-768x570.png 768w\" sizes=\"auto, (max-width: 885px) 100vw, 885px\" \/><\/figure>\n<\/div>\n\n\n<h2 class=\"gb-headline gb-headline-0ef285bf gb-headline-text\"><strong>Glovebox (Lado \u00danico, 1,5 Pessoas)<\/strong><\/h2>\n\n\n\n<p class=\"gb-headline gb-headline-960d59e1 gb-headline-text\">Modelo: 011AS-Extra (3Portas)&nbsp;<\/p>\n\n\n\n<div class=\"wp-block-columns is-layout-flex wp-container-core-columns-is-layout-9d6595d7 wp-block-columns-is-layout-flex\">\n<div class=\"wp-block-column is-vertically-aligned-top is-layout-flow wp-block-column-is-layout-flow\">\n<h3 class=\"gb-headline gb-headline-b95e0376 gb-headline-text\"><strong>Cabine<\/strong><\/h3>\n\n\n\n<figure class=\"wp-block-table\" style=\"font-size:14px\"><table><tbody><tr><td>Tamanho<\/td><td>1800(W) mm X 760(D) mm X 890(H) mm<\/td><\/tr><tr><td>Material<\/td><td>A\u00e7o inoxid\u00e1vel 304<\/td><\/tr><tr><td>Janelas<\/td><td>PC de policarbonato ou vidro de seguran\u00e7a<\/td><\/tr><tr><td>Luva<\/td><td>Borracha but\u00edlica 1,5 par<\/td><\/tr><tr><td>Luz Externa<\/td><td>1<\/td><\/tr><tr><td>Porta de servi\u00e7o<\/td><td>KF (NW40): 2ea<\/td><\/tr><tr><td>Teste de vazamento<\/td><td> 0,05 vol%\/h De acordo com a ISO 10648\u20132<\/td><\/tr><\/tbody><\/table><\/figure>\n\n\n\n<h3 class=\"gb-headline gb-headline-953b757c gb-headline-text\"><strong>Antec\u00e2mara<\/strong><\/h3>\n\n\n\n<figure class=\"wp-block-table\" style=\"font-size:14px\"><table><tbody><tr><td>Tamanho<\/td><td>380 mm X 500 mm<\/td><\/tr><tr><td>Capacidade de v\u00e1cuo<\/td><td>1X10<sup>\u22123<\/sup><\/td><\/tr><tr><td>Bandeja<\/td><td>200 mm X 500 mm<\/td><\/tr><\/tbody><\/table><\/figure>\n\n\n\n<h3 class=\"gb-headline gb-headline-1401ab0e gb-headline-text\"><strong>Mini Antec\u00e2mara<\/strong><\/h3>\n\n\n\n<figure class=\"wp-block-table is-style-regular\" style=\"font-size:14px\"><table><tbody><tr><td>Tamanho<\/td><td>150 mm X 290 mm<\/td><\/tr><\/tbody><\/table><\/figure>\n<\/div>\n\n\n\n<div class=\"wp-block-column is-layout-flow wp-block-column-is-layout-flow\">\n<h3 class=\"wp-block-heading\"><strong>Sistema Purificador<\/strong><\/h3>\n\n\n\n<figure class=\"wp-block-table\" style=\"font-size:14px\"><table><tbody><tr><td>N\u00edvel do purificador<\/td><td>Menos de 1 ppm O <sub>2<\/sub> e H <sub>2<\/sub> O<\/td><\/tr><tr><td>Catalisador<\/td><td>Catalisador de Oxig\u00eanio e Peneira Molecular<\/td><\/tr><tr><td>PLC<\/td><td>Controle PLC autom\u00e1tico<\/td><\/tr><tr><td>Painel de controle<\/td><td>Tela sens\u00edvel ao toque colorida de 7&#8243;<\/td><\/tr><tr><td>Regenera\u00e7\u00e3o do Purificador<\/td><td>Regenera\u00e7\u00e3o autom\u00e1tica programada no PLC<\/td><\/tr><tr><td>Controle de velocidade do ventilador<\/td><td>Max.63 CFM (1.78m\u00b3\/min)<\/td><\/tr><tr><td>Bomba de v\u00e1cuo<\/td><td>200 L\/min<\/td><\/tr><\/tbody><\/table><\/figure>\n\n\n\n<h3 class=\"gb-headline gb-headline-3c9c63a3 gb-headline-text\"><strong>Ficar<\/strong><\/h3>\n\n\n\n<figure class=\"wp-block-table is-style-regular\" style=\"font-size:14px\"><table><tbody><tr><td>Tamanho<\/td><td>1800(W) mm X 760(D) mm X 930(H) mm<\/td><\/tr><\/tbody><\/table><\/figure>\n<\/div>\n<\/div>\n\n<\/div><\/div>\n\n<div class=\"gb-grid-column gb-grid-column-b37ac143\"><div class=\"gb-container gb-container-b37ac143\"><\/div><\/div>\n<\/div>\n\n<div class=\"gb-container gb-container-b432f0f7\">\n\n<a class=\"gb-button gb-button-5388c040 gb-button-text\" href=\"https:\/\/www.glovebox.es\/pt-pt\/contactar-nos\/\">Obter um or\u00e7amento<\/a>\n\n<\/div><\/div><\/div>\n\n\n<div class=\"gb-container gb-container-c8da03ea alignfull\">\n<div class=\"gb-grid-wrapper gb-grid-wrapper-e8bf5d96\">\n<div class=\"gb-grid-column gb-grid-column-7d2dd83c\"><div class=\"gb-container gb-container-7d2dd83c\"><\/div><\/div>\n\n<div class=\"gb-grid-column gb-grid-column-2cb3a42b\"><div class=\"gb-container gb-container-2cb3a42b\">\n\n<p class=\"has-contrast-2-color has-text-color\"><strong>O modelo 011AS-Extra (3 portas) \u00e9 um glovebox de a\u00e7o inoxid\u00e1vel com 1800 mm de largura, 760 mm de profundidade e 890 mm de altura.<\/strong> \u00c9 equipado com policarbonato PC ou janelas de vidro de seguran\u00e7a, bem como um sistema de luva de borracha but\u00edlica de 1,5 par O glovebox possui ilumina\u00e7\u00e3o externa, duas portas de servi\u00e7o KF (NW40) e uma antec\u00e2mara de 380 mm x 500 mm com capacidade de v\u00e1cuo de 1 x 10^ <sup>-3<\/sup> torr. <\/p>\n\n\n\n<p class=\"has-contrast-2-color has-text-color\">Possui ainda uma bandeja de 200 mm x 500 mm e uma mini antec\u00e2mara de 150 mm x 290 mm. O sistema de purifica\u00e7\u00e3o \u00e9 equipado com um catalisador de oxig\u00eanio e uma peneira molecular para manter um n\u00edvel de pureza abaixo de 1 ppm de O <sub>2<\/sub> e H <sub>2<\/sub>O. O controle \u00e9 fornecido por um PLC autom\u00e1tico com um painel de controle com tela de toque colorida de 7 polegadas. <\/p>\n\n\n\n<p class=\"has-contrast-2-color has-text-color\">O sistema de regenera\u00e7\u00e3o \u00e9 programado automaticamente no PLC. O controle de velocidade do ventilador pode atingir no m\u00e1ximo 63 CFM (1,78 m3\/min) e a bomba de v\u00e1cuo tem capacidade de 200 L\/min. A taxa de vazamento \u00e9 de 0,05 vol%\/hr de acordo com a ISO 10648-2.<\/p>\n\n<\/div><\/div>\n\n<div class=\"gb-grid-column gb-grid-column-18ca714b\"><div class=\"gb-container gb-container-18ca714b\"><\/div><\/div>\n<\/div>\n\n<div class=\"gb-container gb-container-1b6b7f59\"><\/div>\n<\/div>\n\n<div class=\"gb-container gb-container-5ab637cf alignfull\">\n\n<h4 class=\"gb-headline gb-headline-bb160218 gb-headline-text\"><strong>Explorar Outros Modelos de Glovebox<\/strong><\/h4>\n\n\n<div class=\"gb-container gb-container-e9f9d1b0\">\n<div class=\"gb-grid-wrapper gb-grid-wrapper-5f3786cd\">\n<div class=\"gb-grid-column gb-grid-column-ee96f1e5\"><div class=\"gb-container gb-container-ee96f1e5\">\n\n<h5 class=\"gb-headline gb-headline-410aae91 gb-headline-text\"><strong>Gloveboxes<\/strong><\/h5>\n\n\n\n<p style=\"font-size:15px\"><a href=\"https:\/\/www.glovebox.es\/pt-pt\/gloveboxes-padrao\/glovebox-lado-unico-1-pessoa\/\" data-type=\"page\" data-id=\"190\">Glovebox Lado \u00danico, 1 Pessoa<\/a><\/p>\n\n\n\n<p style=\"font-size:15px\"><a href=\"https:\/\/www.glovebox.es\/pt-pt\/gloveboxes-padrao\/glovebox-lado-unico-15-pessoas\/\" data-type=\"page\" data-id=\"464\">Glovebox (Lado \u00danico, 1,5 Pessoas)<\/a><\/p>\n\n\n\n<p style=\"font-size:15px\"><a href=\"https:\/\/www.glovebox.es\/pt-pt\/gloveboxes-padrao\/glovebox-lado-unico-2-pessoas\/\">Glovebox Lado \u00danico, 2 Pessoas<\/a><\/p>\n\n\n\n<p style=\"font-size:15px\"><a href=\"https:\/\/www.glovebox.es\/pt-pt\/gloveboxes-padrao\/glovebox-dois-lados-2-pessoas\/\">Glovebox (Dois Lados, 2 Pessoas)<\/a><\/p>\n\n\n\n<p style=\"font-size:15px\"><a href=\"https:\/\/www.glovebox.es\/pt-pt\/gloveboxes-padrao\/glovebox-dois-lados-4-pessoas\/\" data-type=\"page\" data-id=\"481\">Glovebox (dois lados, 4 pessoas)<\/a><\/p>\n\n\n\n<p style=\"font-size:15px\"><a href=\"https:\/\/www.glovebox.es\/pt-pt\/glovebox-de-alta-seguranca-e-desempenho\/\">Glovebox de alta seguran\u00e7a e desempenho<\/a><\/p>\n\n\n\n<p style=\"font-size:15px\"><a href=\"https:\/\/www.glovebox.es\/pt-pt\/sistema-isolador-glovebox-modelo-iso-4-portas\/\" data-type=\"page\" data-id=\"487\">Sistema Isolador Glovebox Modelo ISO (4 Portas)<\/a><\/p>\n\n<\/div><\/div>\n\n<div class=\"gb-grid-column gb-grid-column-9fb5b444\"><div class=\"gb-container gb-container-9fb5b444\">\n\n<h5 class=\"gb-headline gb-headline-a4875cd2 gb-headline-text\"><strong>Glovebox Accessories<\/strong><\/h5>\n\n\n\n<p style=\"font-size:15px\"><a href=\"https:\/\/www.glovebox.es\/pt-pt\/itens-opcionais\/armadilha-de-solvente\/\" data-type=\"page\" data-id=\"557\">Armadilha de Solvente<\/a><\/p>\n\n\n\n<p style=\"font-size:15px\"><a href=\"https:\/\/www.glovebox.es\/pt-pt\/itens-opcionais\/forno-a-vacuo\/\" data-type=\"page\" data-id=\"545\">Forno a v\u00e1cuo<\/a><\/p>\n\n\n\n<p style=\"font-size:15px\"><a href=\"https:\/\/www.glovebox.es\/pt-pt\/itens-opcionais\/frigorifico\/\">Frigor\u00edfico<\/a><\/p>\n\n\n\n<p style=\"font-size:15px\"><a href=\"https:\/\/www.glovebox.es\/pt-pt\/itens-opcionais\/microscopio\/\">Microsc\u00f3pio<\/a><\/p>\n\n\n\n<p style=\"font-size:15px\"><a href=\"https:\/\/www.glovebox.es\/pt-pt\/itens-opcionais\/sensor-analisador-de-oxigenio\/\">Sensor Analisador de Oxig\u00eanio<\/a><\/p>\n\n\n\n<p style=\"font-size:15px\"><a href=\"https:\/\/www.glovebox.es\/pt-pt\/itens-opcionais\/sensor-analisador-de-umidade\/\">Sensor Analisador de Umidade<\/a><\/p>\n\n<\/div><\/div>\n\n<div class=\"gb-grid-column gb-grid-column-b48e83fb\"><div class=\"gb-container gb-container-b48e83fb\">\n\n<figure class=\"wp-block-image size-full\"><img loading=\"lazy\" decoding=\"async\" width=\"885\" height=\"657\" src=\"https:\/\/www.glovebox.es\/wp-content\/uploads\/2024\/02\/2glovebox-3ports.webp\" alt=\"Glovebox Single sided with 3 ports\" class=\"wp-image-2058\" srcset=\"https:\/\/www.glovebox.es\/wp-content\/uploads\/2024\/02\/2glovebox-3ports.webp 885w, https:\/\/www.glovebox.es\/wp-content\/uploads\/2024\/02\/2glovebox-3ports-300x223.webp 300w, https:\/\/www.glovebox.es\/wp-content\/uploads\/2024\/02\/2glovebox-3ports-768x570.webp 768w\" sizes=\"auto, (max-width: 885px) 100vw, 885px\" \/><\/figure>\n\n<\/div><\/div>\n<\/div>\n<\/div>\n<\/div>","protected":false},"excerpt":{"rendered":"<p>Explorar Outros Modelos de Glovebox<\/p>\n","protected":false},"author":5,"featured_media":0,"parent":1099,"menu_order":0,"comment_status":"closed","ping_status":"closed","template":"","meta":{"footnotes":""},"class_list":["post-1077","page","type-page","status-publish"],"_links":{"self":[{"href":"https:\/\/www.glovebox.es\/pt-pt\/wp-json\/wp\/v2\/pages\/1077","targetHints":{"allow":["GET"]}}],"collection":[{"href":"https:\/\/www.glovebox.es\/pt-pt\/wp-json\/wp\/v2\/pages"}],"about":[{"href":"https:\/\/www.glovebox.es\/pt-pt\/wp-json\/wp\/v2\/types\/page"}],"author":[{"embeddable":true,"href":"https:\/\/www.glovebox.es\/pt-pt\/wp-json\/wp\/v2\/users\/5"}],"replies":[{"embeddable":true,"href":"https:\/\/www.glovebox.es\/pt-pt\/wp-json\/wp\/v2\/comments?post=1077"}],"version-history":[{"count":7,"href":"https:\/\/www.glovebox.es\/pt-pt\/wp-json\/wp\/v2\/pages\/1077\/revisions"}],"predecessor-version":[{"id":2308,"href":"https:\/\/www.glovebox.es\/pt-pt\/wp-json\/wp\/v2\/pages\/1077\/revisions\/2308"}],"up":[{"embeddable":true,"href":"https:\/\/www.glovebox.es\/pt-pt\/wp-json\/wp\/v2\/pages\/1099"}],"wp:attachment":[{"href":"https:\/\/www.glovebox.es\/pt-pt\/wp-json\/wp\/v2\/media?parent=1077"}],"curies":[{"name":"wp","href":"https:\/\/api.w.org\/{rel}","templated":true}]}}