{"id":1094,"date":"2023-05-19T10:30:57","date_gmt":"2023-05-19T10:30:57","guid":{"rendered":"http:\/\/www.glovebox.es\/sistema-isolador-glovebox-modelo-iso-4-portas\/"},"modified":"2024-02-09T10:12:34","modified_gmt":"2024-02-09T10:12:34","slug":"sistema-isolador-glovebox-modelo-iso-4-portas","status":"publish","type":"page","link":"https:\/\/www.glovebox.es\/pt-pt\/sistema-isolador-glovebox-modelo-iso-4-portas\/","title":{"rendered":"Sistema Isolador Glovebox Modelo ISO (4 Portas)"},"content":{"rendered":"\n<div class=\"wp-block-group\"><div class=\"wp-block-group__inner-container is-layout-constrained wp-block-group-is-layout-constrained\"><div class=\"gb-grid-wrapper gb-grid-wrapper-bda6940b\">\n<div class=\"gb-grid-column gb-grid-column-5b6834fb\"><div class=\"gb-container gb-container-5b6834fb\"><\/div><\/div>\n\n<div class=\"gb-grid-column gb-grid-column-f9fe484b\"><div class=\"gb-container gb-container-f9fe484b\">\n<div class=\"wp-block-image\">\n<figure class=\"aligncenter size-full is-resized\"><img loading=\"lazy\" decoding=\"async\" width=\"753\" height=\"733\" src=\"https:\/\/www.glovebox.es\/wp-content\/uploads\/2023\/05\/features-min.png\" alt=\"Sistema Isolador Glovebox Modelo ISO (4 Portas)\" class=\"wp-image-234\" style=\"width:387px;height:375px\" title=\"Sistema Isolador Glovebox Modelo ISO (4 Portas)\" srcset=\"https:\/\/www.glovebox.es\/wp-content\/uploads\/2023\/05\/features-min.png 753w, https:\/\/www.glovebox.es\/wp-content\/uploads\/2023\/05\/features-min-300x292.png 300w\" sizes=\"auto, (max-width: 753px) 100vw, 753px\" \/><\/figure>\n<\/div>\n\n\n<h2 class=\"gb-headline gb-headline-0ef285bf gb-headline-text\"><strong>Sistema Isolador Glovebox Modelo ISO (4 Portas)<\/strong><\/h2>\n\n\n\n<p class=\"gb-headline gb-headline-960d59e1 gb-headline-text\">Modelo <strong>ISO (4 Portas)&nbsp;<\/strong><\/p>\n\n\n\n<div class=\"wp-block-columns is-layout-flex wp-container-core-columns-is-layout-9d6595d7 wp-block-columns-is-layout-flex\">\n<div class=\"wp-block-column is-vertically-aligned-top is-layout-flow wp-block-column-is-layout-flow\">\n<h3 class=\"gb-headline gb-headline-b95e0376 gb-headline-text\"><strong>Cabine<\/strong><\/h3>\n\n\n\n<figure class=\"wp-block-table\" style=\"font-size:14px\"><table><tbody><tr><td>Tamanho<\/td><td>2000(W) mm X 720(D) mm X 840(H) mm<\/td><\/tr><tr><td>Material<\/td><td>A\u00e7o inoxid\u00e1vel 316L<\/td><\/tr><tr><td>janelas<\/td><td>Vidro de seguran\u00e7a<\/td><\/tr><tr><td>Luva<\/td><td>Luva Hypalon 2 Par<\/td><\/tr><tr><td>Luz Externa<\/td><td>2<\/td><\/tr><tr><td>Teste de vazamento<\/td><td>&lt;0.1 Vol%\/hr<\/td><\/tr><\/tbody><\/table><\/figure>\n<\/div>\n\n\n\n<div class=\"wp-block-column is-layout-flow wp-block-column-is-layout-flow\">\n<h3 class=\"wp-block-heading\"><strong>Caixa de passagem<\/strong><\/h3>\n\n\n\n<figure class=\"wp-block-table\" style=\"font-size:14px\"><table><tbody><tr><td>Tamanho <\/td><td>500mm X 300mm X 430(H) mm<\/td><\/tr><\/tbody><\/table><\/figure>\n\n\n\n<h3 class=\"wp-block-heading\"><strong>Recurso<\/strong><\/h3>\n\n\n\n<figure class=\"wp-block-table\" style=\"font-size:14px\"><table><tbody><tr><td>Recurso<\/td><td>Filtros ULPA com uma efici\u00eancia t\u00edpica de &gt;&gt; 99.999@at ISO classe 5<br>10,2\u201d Full Color Touch Screen<\/td><\/tr><\/tbody><\/table><\/figure>\n\n\n\n<h3 class=\"gb-headline gb-headline-3c9c63a3 gb-headline-text\"><strong>Ficar<\/strong><\/h3>\n\n\n\n<figure class=\"wp-block-table is-style-regular\" style=\"font-size:14px\"><table><tbody><tr><td>Tamanho<\/td><td>2000(W) mm X 725(D) mm X 900(H) mm<\/td><\/tr><\/tbody><\/table><\/figure>\n<\/div>\n<\/div>\n\n<\/div><\/div>\n\n<div class=\"gb-grid-column gb-grid-column-b37ac143\"><div class=\"gb-container gb-container-b37ac143\"><\/div><\/div>\n<\/div>\n\n<div class=\"gb-container gb-container-b432f0f7\">\n\n<a class=\"gb-button gb-button-5388c040 gb-button-text\" href=\"https:\/\/www.glovebox.es\/pt-pt\/contactar-nos\/\">Obter uma cota\u00e7\u00e3o<\/a>\n\n<\/div><\/div><\/div>\n\n\n<div class=\"gb-container gb-container-c8da03ea alignfull\">\n<div class=\"gb-grid-wrapper gb-grid-wrapper-e8bf5d96\">\n<div class=\"gb-grid-column gb-grid-column-7d2dd83c\"><div class=\"gb-container gb-container-7d2dd83c\"><\/div><\/div>\n\n<div class=\"gb-grid-column gb-grid-column-2cb3a42b\"><div class=\"gb-container gb-container-2cb3a42b\">\n\n<p class=\"has-contrast-2-color has-text-color\"><strong>O Sistema Isolador Modelo ISO (4 portas) \u00e9 feito de a\u00e7o inoxid\u00e1vel 316L e mede 2000(L) mm X 720(P) mm X 840(A) mm.<\/strong> Possui janelas de vidro de seguran\u00e7a, 2 pares de luvas Hypalon e 2 luzes externas O teste de vazamento \u00e9 inferior a 0,1 vol%\/h. <\/p>\n\n\n\n<p class=\"has-contrast-2-color has-text-color\">A caixa de passagem mede 500 mm X 300 mm X 430(A) mm e possui filtros ULPA com uma efici\u00eancia t\u00edpica de &gt;99.999@ na classe ISO 5. O sistema isolador inclui uma tela de toque colorida de 10,2\u201d e um suporte que mede 2.000 (L) mm X 725(P) mm X 900(A) mm.<\/p>\n\n<\/div><\/div>\n\n<div class=\"gb-grid-column gb-grid-column-18ca714b\"><div class=\"gb-container gb-container-18ca714b\"><\/div><\/div>\n<\/div>\n<\/div>\n\n<div class=\"gb-container gb-container-19c097d0\">\n<div class=\"gb-container gb-container-5ab637cf alignfull\">\n\n<h4 class=\"gb-headline gb-headline-bb160218 gb-headline-text\"><strong>Explorar Outros Modelos de Glovebox<\/strong><\/h4>\n\n\n<div class=\"gb-container gb-container-e9f9d1b0\">\n<div class=\"gb-grid-wrapper gb-grid-wrapper-5f3786cd\">\n<div class=\"gb-grid-column gb-grid-column-ee96f1e5\"><div class=\"gb-container gb-container-ee96f1e5\">\n\n<h5 class=\"gb-headline gb-headline-410aae91 gb-headline-text\"><strong>Gloveboxes<\/strong><\/h5>\n\n\n\n<p style=\"font-size:15px\"><a href=\"https:\/\/www.glovebox.es\/pt-pt\/gloveboxes-padrao\/glovebox-lado-unico-1-pessoa\/\" data-type=\"page\" data-id=\"190\">Glovebox Lado \u00danico, 1 Pessoa<\/a><\/p>\n\n\n\n<p style=\"font-size:15px\"><a href=\"https:\/\/www.glovebox.es\/pt-pt\/gloveboxes-padrao\/glovebox-lado-unico-15-pessoas\/\" data-type=\"page\" data-id=\"464\">Glovebox (Lado \u00danico, 1,5 Pessoas)<\/a><\/p>\n\n\n\n<p style=\"font-size:15px\"><a href=\"https:\/\/www.glovebox.es\/pt-pt\/gloveboxes-padrao\/glovebox-lado-unico-2-pessoas\/\">Glovebox Lado \u00danico, 2 Pessoas<\/a><\/p>\n\n\n\n<p style=\"font-size:15px\"><a href=\"https:\/\/www.glovebox.es\/pt-pt\/gloveboxes-padrao\/glovebox-dois-lados-2-pessoas\/\">Glovebox (Dois Lados, 2 Pessoas)<\/a><\/p>\n\n\n\n<p style=\"font-size:15px\"><a href=\"https:\/\/www.glovebox.es\/pt-pt\/gloveboxes-padrao\/glovebox-dois-lados-4-pessoas\/\" data-type=\"page\" data-id=\"481\">Glovebox (dois lados, 4 pessoas)<\/a><\/p>\n\n\n\n<p style=\"font-size:15px\"><a href=\"https:\/\/www.glovebox.es\/pt-pt\/glovebox-de-alta-seguranca-e-desempenho\/\">Glovebox de alta seguran\u00e7a e desempenho<\/a><\/p>\n\n\n\n<p style=\"font-size:15px\"><a href=\"https:\/\/www.glovebox.es\/pt-pt\/sistema-isolador-glovebox-modelo-iso-4-portas\/\" data-type=\"page\" data-id=\"487\">Sistema Isolador Glovebox Modelo ISO (4 Portas)<\/a><\/p>\n\n<\/div><\/div>\n\n<div class=\"gb-grid-column gb-grid-column-9fb5b444\"><div class=\"gb-container gb-container-9fb5b444\">\n\n<h5 class=\"gb-headline gb-headline-a4875cd2 gb-headline-text\"><strong>Glovebox Accessories<\/strong><\/h5>\n\n\n\n<p style=\"font-size:15px\"><a href=\"https:\/\/www.glovebox.es\/pt-pt\/itens-opcionais\/armadilha-de-solvente\/\" data-type=\"page\" data-id=\"557\">Armadilha de Solvente<\/a><\/p>\n\n\n\n<p style=\"font-size:15px\"><a href=\"https:\/\/www.glovebox.es\/pt-pt\/itens-opcionais\/forno-a-vacuo\/\" data-type=\"page\" data-id=\"545\">Forno a v\u00e1cuo<\/a><\/p>\n\n\n\n<p style=\"font-size:15px\"><a href=\"https:\/\/www.glovebox.es\/pt-pt\/itens-opcionais\/frigorifico\/\">Frigor\u00edfico<\/a><\/p>\n\n\n\n<p style=\"font-size:15px\"><a href=\"https:\/\/www.glovebox.es\/pt-pt\/itens-opcionais\/microscopio\/\">Microsc\u00f3pio<\/a><\/p>\n\n\n\n<p style=\"font-size:15px\"><a href=\"https:\/\/www.glovebox.es\/pt-pt\/itens-opcionais\/sensor-analisador-de-oxigenio\/\">Sensor Analisador de Oxig\u00eanio<\/a><\/p>\n\n\n\n<p style=\"font-size:15px\"><a href=\"https:\/\/www.glovebox.es\/pt-pt\/itens-opcionais\/sensor-analisador-de-umidade\/\">Sensor Analisador de Umidade<\/a><\/p>\n\n<\/div><\/div>\n\n<div class=\"gb-grid-column gb-grid-column-b48e83fb\"><div class=\"gb-container gb-container-b48e83fb\">\n\n<figure class=\"wp-block-image size-full\"><img loading=\"lazy\" decoding=\"async\" width=\"885\" height=\"657\" src=\"https:\/\/www.glovebox.es\/wp-content\/uploads\/2024\/02\/2glovebox-3ports.webp\" alt=\"Glovebox Single sided with 3 ports\" class=\"wp-image-2058\" srcset=\"https:\/\/www.glovebox.es\/wp-content\/uploads\/2024\/02\/2glovebox-3ports.webp 885w, https:\/\/www.glovebox.es\/wp-content\/uploads\/2024\/02\/2glovebox-3ports-300x223.webp 300w, https:\/\/www.glovebox.es\/wp-content\/uploads\/2024\/02\/2glovebox-3ports-768x570.webp 768w\" sizes=\"auto, (max-width: 885px) 100vw, 885px\" \/><\/figure>\n\n<\/div><\/div>\n<\/div>\n<\/div>\n<\/div>\n<\/div>","protected":false},"excerpt":{"rendered":"<p>Explorar Outros Modelos de Glovebox<\/p>\n","protected":false},"author":5,"featured_media":0,"parent":0,"menu_order":0,"comment_status":"closed","ping_status":"closed","template":"","meta":{"footnotes":""},"class_list":["post-1094","page","type-page","status-publish"],"_links":{"self":[{"href":"https:\/\/www.glovebox.es\/pt-pt\/wp-json\/wp\/v2\/pages\/1094","targetHints":{"allow":["GET"]}}],"collection":[{"href":"https:\/\/www.glovebox.es\/pt-pt\/wp-json\/wp\/v2\/pages"}],"about":[{"href":"https:\/\/www.glovebox.es\/pt-pt\/wp-json\/wp\/v2\/types\/page"}],"author":[{"embeddable":true,"href":"https:\/\/www.glovebox.es\/pt-pt\/wp-json\/wp\/v2\/users\/5"}],"replies":[{"embeddable":true,"href":"https:\/\/www.glovebox.es\/pt-pt\/wp-json\/wp\/v2\/comments?post=1094"}],"version-history":[{"count":6,"href":"https:\/\/www.glovebox.es\/pt-pt\/wp-json\/wp\/v2\/pages\/1094\/revisions"}],"predecessor-version":[{"id":2306,"href":"https:\/\/www.glovebox.es\/pt-pt\/wp-json\/wp\/v2\/pages\/1094\/revisions\/2306"}],"wp:attachment":[{"href":"https:\/\/www.glovebox.es\/pt-pt\/wp-json\/wp\/v2\/media?parent=1094"}],"curies":[{"name":"wp","href":"https:\/\/api.w.org\/{rel}","templated":true}]}}