{"id":1096,"date":"2023-05-19T13:20:47","date_gmt":"2023-05-19T13:20:47","guid":{"rendered":"http:\/\/www.glovebox.es\/glovebox-de-alta-seguranca-e-desempenho\/"},"modified":"2024-02-09T10:10:49","modified_gmt":"2024-02-09T10:10:49","slug":"glovebox-de-alta-seguranca-e-desempenho","status":"publish","type":"page","link":"https:\/\/www.glovebox.es\/pt-pt\/glovebox-de-alta-seguranca-e-desempenho\/","title":{"rendered":"Glovebox de alta seguran\u00e7a e desempenho"},"content":{"rendered":"\n<div class=\"wp-block-group\"><div class=\"wp-block-group__inner-container is-layout-constrained wp-block-group-is-layout-constrained\"><div class=\"gb-grid-wrapper gb-grid-wrapper-bda6940b\">\n<div class=\"gb-grid-column gb-grid-column-5b6834fb\"><div class=\"gb-container gb-container-5b6834fb\"><\/div><\/div>\n\n<div class=\"gb-grid-column gb-grid-column-f9fe484b\"><div class=\"gb-container gb-container-f9fe484b\">\n<div class=\"wp-block-image\">\n<figure class=\"aligncenter size-full is-resized\"><img loading=\"lazy\" decoding=\"async\" width=\"1024\" height=\"701\" src=\"https:\/\/www.glovebox.es\/wp-content\/uploads\/2023\/05\/high-min.png\" alt=\"Glovebox de alta seguran\u00e7a e desempenho\" class=\"wp-image-221\" style=\"width:431px;height:294px\" title=\"Glovebox de alta seguran\u00e7a e desempenho\" srcset=\"https:\/\/www.glovebox.es\/wp-content\/uploads\/2023\/05\/high-min.png 1024w, https:\/\/www.glovebox.es\/wp-content\/uploads\/2023\/05\/high-min-300x205.png 300w, https:\/\/www.glovebox.es\/wp-content\/uploads\/2023\/05\/high-min-768x526.png 768w\" sizes=\"auto, (max-width: 1024px) 100vw, 1024px\" \/><\/figure>\n<\/div>\n\n\n<h2 class=\"gb-headline gb-headline-0ef285bf gb-headline-text\"><strong>Glovebox de alta seguran\u00e7a e desempenho<\/strong><\/h2>\n\n\n\n<p class=\"gb-headline gb-headline-960d59e1 gb-headline-text\">Modelo: <strong><strong>Glovebox de alta seguran\u00e7a e desempenho<\/strong> (6 portas)&nbsp;<\/strong><\/p>\n\n\n\n<div class=\"wp-block-columns is-layout-flex wp-container-core-columns-is-layout-9d6595d7 wp-block-columns-is-layout-flex\">\n<div class=\"wp-block-column is-vertically-aligned-top is-layout-flow wp-block-column-is-layout-flow\">\n<h3 class=\"gb-headline gb-headline-b95e0376 gb-headline-text\"><strong>Composi\u00e7\u00e3o<\/strong><\/h3>\n\n\n\n<figure class=\"wp-block-table\" style=\"font-size:14px\"><table><tbody><tr><td>Menos de 0,5 ppm Oxig\u00eanio e n\u00edvel de concentra\u00e7\u00e3o de umidade dentro do m\u00f3dulo de caixa<\/td><\/tr><tr><td>Safety <strong>N <sub>2<\/sub><\/strong> Interlock System (patente pendente)<\/td><\/tr><tr><td><strong>N <sub>2<\/sub><\/strong> Hazard System (Patente pendente)<\/td><\/tr><tr><td>Marca CE europeia (conformidade com todas as diretivas da CE)<\/td><\/tr><tr><td>Novo sistema de controle autom\u00e1tico de press\u00e3o (patenteado)<\/td><\/tr><tr><td>Projeto Anti-Explos\u00e3o<\/td><\/tr><tr><td>Processamento da superf\u00edcie interna da caixa de luvas anti\u00e1cido<\/td><\/tr><\/tbody><\/table><\/figure>\n<\/div>\n<\/div>\n\n<\/div><\/div>\n\n<div class=\"gb-grid-column gb-grid-column-b37ac143\"><div class=\"gb-container gb-container-b37ac143\"><\/div><\/div>\n<\/div>\n\n<div class=\"gb-container gb-container-b432f0f7\">\n\n<a class=\"gb-button gb-button-5388c040 gb-button-text\" href=\"https:\/\/www.glovebox.es\/pt-pt\/contactar-nos\/\">Obter uma cota\u00e7\u00e3o<\/a>\n\n<\/div><\/div><\/div>\n\n\n<div class=\"gb-container gb-container-c8da03ea alignfull\">\n<div class=\"gb-grid-wrapper gb-grid-wrapper-e8bf5d96\">\n<div class=\"gb-grid-column gb-grid-column-7d2dd83c\"><div class=\"gb-container gb-container-7d2dd83c\"><\/div><\/div>\n\n<div class=\"gb-grid-column gb-grid-column-2cb3a42b\"><div class=\"gb-container gb-container-2cb3a42b\">\n\n<p class=\"has-contrast-2-color has-text-color\"><strong>O Glovebox de alta seguran\u00e7a e desempenho tem menos de 0,5 ppm de oxig\u00eanio e n\u00edvel de concentra\u00e7\u00e3o de umidade dentro do m\u00f3dulo da caixa.<\/strong> Possui um sistema de intertravamento de seguran\u00e7a N<sub>2<\/sub> e um sistema de perigo N<sub>2<\/sub> , ambos com patente pendente.<\/p>\n\n\n\n<p class=\"has-contrast-2-color has-text-color\">Ele atende aos requisitos europeus de marca\u00e7\u00e3o CE e possui um novo sistema de controlador autom\u00e1tico de press\u00e3o que \u00e9 patenteado. Tem um design anti-explos\u00e3o e a superf\u00edcie interna do glovebox \u00e9 tratada com um processamento anti-\u00e1cido.<\/p>\n\n<\/div><\/div>\n\n<div class=\"gb-grid-column gb-grid-column-18ca714b\"><div class=\"gb-container gb-container-18ca714b\"><\/div><\/div>\n<\/div>\n<\/div>\n\n<div class=\"gb-container gb-container-5ab637cf alignfull\">\n\n<h4 class=\"gb-headline gb-headline-bb160218 gb-headline-text\"><strong>Explorar Outros Modelos de Glovebox<\/strong><\/h4>\n\n\n<div class=\"gb-container gb-container-e9f9d1b0\">\n<div class=\"gb-grid-wrapper gb-grid-wrapper-5f3786cd\">\n<div class=\"gb-grid-column gb-grid-column-ee96f1e5\"><div class=\"gb-container gb-container-ee96f1e5\">\n\n<h5 class=\"gb-headline gb-headline-410aae91 gb-headline-text\"><strong>Gloveboxes<\/strong><\/h5>\n\n\n\n<p style=\"font-size:15px\"><a href=\"https:\/\/www.glovebox.es\/pt-pt\/gloveboxes-padrao\/glovebox-lado-unico-1-pessoa\/\" data-type=\"page\" data-id=\"190\">Glovebox Lado \u00danico, 1 Pessoa<\/a><\/p>\n\n\n\n<p style=\"font-size:15px\"><a href=\"https:\/\/www.glovebox.es\/pt-pt\/gloveboxes-padrao\/glovebox-lado-unico-15-pessoas\/\" data-type=\"page\" data-id=\"464\">Glovebox (Lado \u00danico, 1,5 Pessoas)<\/a><\/p>\n\n\n\n<p style=\"font-size:15px\"><a href=\"https:\/\/www.glovebox.es\/pt-pt\/gloveboxes-padrao\/glovebox-lado-unico-2-pessoas\/\">Glovebox Lado \u00danico, 2 Pessoas<\/a><\/p>\n\n\n\n<p style=\"font-size:15px\"><a href=\"https:\/\/www.glovebox.es\/pt-pt\/gloveboxes-padrao\/glovebox-dois-lados-2-pessoas\/\">Glovebox (Dois Lados, 2 Pessoas)<\/a><\/p>\n\n\n\n<p style=\"font-size:15px\"><a href=\"https:\/\/www.glovebox.es\/pt-pt\/gloveboxes-padrao\/glovebox-dois-lados-4-pessoas\/\" data-type=\"page\" data-id=\"481\">Glovebox (dois lados, 4 pessoas)<\/a><\/p>\n\n\n\n<p style=\"font-size:15px\"><a href=\"https:\/\/www.glovebox.es\/pt-pt\/glovebox-de-alta-seguranca-e-desempenho\/\">Glovebox de alta seguran\u00e7a e desempenho<\/a><\/p>\n\n\n\n<p style=\"font-size:15px\"><a href=\"https:\/\/www.glovebox.es\/pt-pt\/sistema-isolador-glovebox-modelo-iso-4-portas\/\" data-type=\"page\" data-id=\"487\">Sistema Isolador Glovebox Modelo ISO (4 Portas)<\/a><\/p>\n\n<\/div><\/div>\n\n<div class=\"gb-grid-column gb-grid-column-9fb5b444\"><div class=\"gb-container gb-container-9fb5b444\">\n\n<h5 class=\"gb-headline gb-headline-a4875cd2 gb-headline-text\"><strong>Glovebox Accessories<\/strong><\/h5>\n\n\n\n<p style=\"font-size:15px\"><a href=\"https:\/\/www.glovebox.es\/pt-pt\/itens-opcionais\/armadilha-de-solvente\/\" data-type=\"page\" data-id=\"557\">Armadilha de Solvente<\/a><\/p>\n\n\n\n<p style=\"font-size:15px\"><a href=\"https:\/\/www.glovebox.es\/pt-pt\/itens-opcionais\/forno-a-vacuo\/\" data-type=\"page\" data-id=\"545\">Forno a v\u00e1cuo<\/a><\/p>\n\n\n\n<p style=\"font-size:15px\"><a href=\"https:\/\/www.glovebox.es\/pt-pt\/itens-opcionais\/frigorifico\/\">Frigor\u00edfico<\/a><\/p>\n\n\n\n<p style=\"font-size:15px\"><a href=\"https:\/\/www.glovebox.es\/pt-pt\/itens-opcionais\/microscopio\/\">Microsc\u00f3pio<\/a><\/p>\n\n\n\n<p style=\"font-size:15px\"><a href=\"https:\/\/www.glovebox.es\/pt-pt\/itens-opcionais\/sensor-analisador-de-oxigenio\/\">Sensor Analisador de Oxig\u00eanio<\/a><\/p>\n\n\n\n<p style=\"font-size:15px\"><a href=\"https:\/\/www.glovebox.es\/pt-pt\/itens-opcionais\/sensor-analisador-de-umidade\/\">Sensor Analisador de Umidade<\/a><\/p>\n\n<\/div><\/div>\n\n<div class=\"gb-grid-column gb-grid-column-b48e83fb\"><div class=\"gb-container gb-container-b48e83fb\">\n\n<figure class=\"wp-block-image size-full\"><img loading=\"lazy\" decoding=\"async\" width=\"885\" height=\"657\" src=\"https:\/\/www.glovebox.es\/wp-content\/uploads\/2024\/02\/2glovebox-3ports.webp\" alt=\"Glovebox Single sided with 3 ports\" class=\"wp-image-2058\" srcset=\"https:\/\/www.glovebox.es\/wp-content\/uploads\/2024\/02\/2glovebox-3ports.webp 885w, https:\/\/www.glovebox.es\/wp-content\/uploads\/2024\/02\/2glovebox-3ports-300x223.webp 300w, https:\/\/www.glovebox.es\/wp-content\/uploads\/2024\/02\/2glovebox-3ports-768x570.webp 768w\" sizes=\"auto, (max-width: 885px) 100vw, 885px\" \/><\/figure>\n\n<\/div><\/div>\n<\/div>\n<\/div>\n<\/div>","protected":false},"excerpt":{"rendered":"<p>Explorar Outros Modelos de Glovebox<\/p>\n","protected":false},"author":5,"featured_media":0,"parent":0,"menu_order":0,"comment_status":"closed","ping_status":"closed","template":"","meta":{"footnotes":""},"class_list":["post-1096","page","type-page","status-publish"],"_links":{"self":[{"href":"https:\/\/www.glovebox.es\/pt-pt\/wp-json\/wp\/v2\/pages\/1096","targetHints":{"allow":["GET"]}}],"collection":[{"href":"https:\/\/www.glovebox.es\/pt-pt\/wp-json\/wp\/v2\/pages"}],"about":[{"href":"https:\/\/www.glovebox.es\/pt-pt\/wp-json\/wp\/v2\/types\/page"}],"author":[{"embeddable":true,"href":"https:\/\/www.glovebox.es\/pt-pt\/wp-json\/wp\/v2\/users\/5"}],"replies":[{"embeddable":true,"href":"https:\/\/www.glovebox.es\/pt-pt\/wp-json\/wp\/v2\/comments?post=1096"}],"version-history":[{"count":7,"href":"https:\/\/www.glovebox.es\/pt-pt\/wp-json\/wp\/v2\/pages\/1096\/revisions"}],"predecessor-version":[{"id":2304,"href":"https:\/\/www.glovebox.es\/pt-pt\/wp-json\/wp\/v2\/pages\/1096\/revisions\/2304"}],"wp:attachment":[{"href":"https:\/\/www.glovebox.es\/pt-pt\/wp-json\/wp\/v2\/media?parent=1096"}],"curies":[{"name":"wp","href":"https:\/\/api.w.org\/{rel}","templated":true}]}}