{"id":1104,"date":"2023-06-09T16:17:38","date_gmt":"2023-06-09T16:17:38","guid":{"rendered":"http:\/\/www.glovebox.es\/itens-opcionais\/"},"modified":"2024-02-09T10:21:57","modified_gmt":"2024-02-09T10:21:57","slug":"itens-opcionais","status":"publish","type":"page","link":"https:\/\/www.glovebox.es\/pt-pt\/itens-opcionais\/","title":{"rendered":"Itens Opcionais"},"content":{"rendered":"\n<h2 class=\"gb-headline gb-headline-be23b6f3 gb-headline-text\">Esses itens opcionais ampliam as capacidades dos gloveboxes , permitindo que pesquisadores e t\u00e9cnicos realizem uma ampla gama de tarefas com precis\u00e3o e efici\u00eancia.y<\/h2>\n\n\n<div class=\"gb-grid-wrapper gb-grid-wrapper-b003e9ed\">\n<div class=\"gb-grid-column gb-grid-column-b6ce856f\"><div class=\"gb-container gb-container-b6ce856f\">\n\n<figure class=\"wp-block-image size-full\"><img loading=\"lazy\" decoding=\"async\" width=\"768\" height=\"658\" src=\"https:\/\/www.glovebox.es\/wp-content\/uploads\/2023\/06\/optional-solvent-trap-min.png\" alt=\"Glovebox Armadilha de Solvente\" class=\"wp-image-810\" title=\"Glovebox Armadilha de Solvente\" srcset=\"https:\/\/www.glovebox.es\/wp-content\/uploads\/2023\/06\/optional-solvent-trap-min.png 768w, https:\/\/www.glovebox.es\/wp-content\/uploads\/2023\/06\/optional-solvent-trap-min-300x257.png 300w\" sizes=\"auto, (max-width: 768px) 100vw, 768px\" \/><\/figure>\n\n\n\n<h3 class=\"gb-headline gb-headline-48e00ac5 gb-headline-text\">Armadilha de Solvente<\/h3>\n\n\n\n<a class=\"gb-button gb-button-276300e3 gb-button-text\" href=\"https:\/\/www.glovebox.es\/pt-pt\/itens-opcionais\/armadilha-de-solvente\/\">Saiba mais<\/a>\n\n<\/div><\/div>\n\n<div class=\"gb-grid-column gb-grid-column-911a9431\"><div class=\"gb-container gb-container-911a9431\">\n\n<figure class=\"wp-block-image size-full\"><img loading=\"lazy\" decoding=\"async\" width=\"768\" height=\"658\" src=\"https:\/\/www.glovebox.es\/wp-content\/uploads\/2023\/06\/optional-vacuum-oven-min.png\" alt=\"Glovebox Forno a v\u00e1cuo\" class=\"wp-image-811\" title=\"Glovebox Forno a v\u00e1cuo\" srcset=\"https:\/\/www.glovebox.es\/wp-content\/uploads\/2023\/06\/optional-vacuum-oven-min.png 768w, https:\/\/www.glovebox.es\/wp-content\/uploads\/2023\/06\/optional-vacuum-oven-min-300x257.png 300w\" sizes=\"auto, (max-width: 768px) 100vw, 768px\" \/><\/figure>\n\n\n\n<h3 class=\"gb-headline gb-headline-06cdc2c7 gb-headline-text\">Forno a v\u00e1cuo<\/h3>\n\n\n\n<a class=\"gb-button gb-button-681e8648 gb-button-text\" href=\"https:\/\/www.glovebox.es\/pt-pt\/itens-opcionais\/forno-a-vacuo\/\">Saiba mais<\/a>\n\n<\/div><\/div>\n\n<div class=\"gb-grid-column gb-grid-column-14c4c676\"><div class=\"gb-container gb-container-14c4c676\">\n\n<figure class=\"wp-block-image size-full\"><img loading=\"lazy\" decoding=\"async\" width=\"768\" height=\"658\" src=\"https:\/\/www.glovebox.es\/wp-content\/uploads\/2023\/06\/optional-refrigerator-min.png\" alt=\"Glovebox Frigor\u00edfico\" class=\"wp-image-812\" title=\"Glovebox Frigor\u00edfico\" srcset=\"https:\/\/www.glovebox.es\/wp-content\/uploads\/2023\/06\/optional-refrigerator-min.png 768w, https:\/\/www.glovebox.es\/wp-content\/uploads\/2023\/06\/optional-refrigerator-min-300x257.png 300w\" sizes=\"auto, (max-width: 768px) 100vw, 768px\" \/><\/figure>\n\n\n\n<h3 class=\"gb-headline gb-headline-3961acd4 gb-headline-text\">Frigor\u00edfico<\/h3>\n\n\n\n<a class=\"gb-button gb-button-5c30d81a gb-button-text\" href=\"https:\/\/www.glovebox.es\/pt-pt\/itens-opcionais\/frigorifico\/\">Saiba mais<\/a>\n\n<\/div><\/div>\n<\/div>\n\n\n<div style=\"height:100px\" aria-hidden=\"true\" class=\"wp-block-spacer\"><\/div>\n\n\n<div class=\"gb-grid-wrapper gb-grid-wrapper-9f00fc44\">\n<div class=\"gb-grid-column gb-grid-column-51ae8495\"><div class=\"gb-container gb-container-51ae8495\">\n\n<figure class=\"wp-block-image size-full\"><img loading=\"lazy\" decoding=\"async\" width=\"768\" height=\"658\" src=\"https:\/\/www.glovebox.es\/wp-content\/uploads\/2023\/06\/optional-item-micrscope.png\" alt=\"Glovebox Sistema de Microsc\u00f3pio\" class=\"wp-image-792\" title=\"Glovebox Sistema de Microsc\u00f3pio\" srcset=\"https:\/\/www.glovebox.es\/wp-content\/uploads\/2023\/06\/optional-item-micrscope.png 768w, https:\/\/www.glovebox.es\/wp-content\/uploads\/2023\/06\/optional-item-micrscope-300x257.png 300w\" sizes=\"auto, (max-width: 768px) 100vw, 768px\" \/><\/figure>\n\n\n\n<h3 class=\"gb-headline gb-headline-8c2042fa gb-headline-text\">Microsc\u00f3pio<br>sistema de<\/h3>\n\n\n\n<a class=\"gb-button gb-button-e7eb4875 gb-button-text\" href=\"https:\/\/www.glovebox.es\/pt-pt\/itens-opcionais\/microscopio\/\">Saiba mais<\/a>\n\n<\/div><\/div>\n\n<div class=\"gb-grid-column gb-grid-column-0a1202df\"><div class=\"gb-container gb-container-0a1202df\">\n\n<figure class=\"wp-block-image size-full\"><img loading=\"lazy\" decoding=\"async\" width=\"768\" height=\"658\" src=\"https:\/\/www.glovebox.es\/wp-content\/uploads\/2023\/06\/sensor-oxygen-analyzer-hp.png\" alt=\"Sensor Analisador de Oxig\u00eanio\" class=\"wp-image-791\" title=\"Sensor Analisador de Oxig\u00eanio\" srcset=\"https:\/\/www.glovebox.es\/wp-content\/uploads\/2023\/06\/sensor-oxygen-analyzer-hp.png 768w, https:\/\/www.glovebox.es\/wp-content\/uploads\/2023\/06\/sensor-oxygen-analyzer-hp-300x257.png 300w\" sizes=\"auto, (max-width: 768px) 100vw, 768px\" \/><\/figure>\n\n\n\n<h3 class=\"gb-headline gb-headline-b066ec82 gb-headline-text\">Sensor de Oxig\u00eanio<br>Analisador<\/h3>\n\n\n\n<a class=\"gb-button gb-button-f3a88300 gb-button-text\" href=\"https:\/\/www.glovebox.es\/pt-pt\/itens-opcionais\/sensor-analisador-de-oxigenio\/\">Saiba mais<\/a>\n\n<\/div><\/div>\n\n<div class=\"gb-grid-column gb-grid-column-6262b054\"><div class=\"gb-container gb-container-6262b054\">\n\n<figure class=\"wp-block-image size-full\"><img loading=\"lazy\" decoding=\"async\" width=\"768\" height=\"658\" src=\"https:\/\/www.glovebox.es\/wp-content\/uploads\/2023\/05\/sensor-moisture-analyzer-hp.png\" alt=\"Sensor Analisador de Umidade\" class=\"wp-image-602\" title=\"Sensor Analisador de Umidade\" srcset=\"https:\/\/www.glovebox.es\/wp-content\/uploads\/2023\/05\/sensor-moisture-analyzer-hp.png 768w, https:\/\/www.glovebox.es\/wp-content\/uploads\/2023\/05\/sensor-moisture-analyzer-hp-300x257.png 300w\" sizes=\"auto, (max-width: 768px) 100vw, 768px\" \/><\/figure>\n\n\n\n<h3 class=\"gb-headline gb-headline-f42d868a gb-headline-text\">Sensor de Umidade<br>Analisador<\/h3>\n\n\n\n<a class=\"gb-button gb-button-70a91129 gb-button-text\" href=\"https:\/\/www.glovebox.es\/pt-pt\/itens-opcionais\/sensor-analisador-de-umidade\/\">Saiba mais<\/a>\n\n<\/div><\/div>\n<\/div>","protected":false},"excerpt":{"rendered":"<p>Esses itens opcionais ampliam as capacidades dos gloveboxes , permitindo que pesquisadores e t\u00e9cnicos realizem uma ampla gama de tarefas com precis\u00e3o e efici\u00eancia.y<\/p>\n","protected":false},"author":5,"featured_media":0,"parent":0,"menu_order":0,"comment_status":"closed","ping_status":"closed","template":"","meta":{"footnotes":""},"class_list":["post-1104","page","type-page","status-publish"],"_links":{"self":[{"href":"https:\/\/www.glovebox.es\/pt-pt\/wp-json\/wp\/v2\/pages\/1104","targetHints":{"allow":["GET"]}}],"collection":[{"href":"https:\/\/www.glovebox.es\/pt-pt\/wp-json\/wp\/v2\/pages"}],"about":[{"href":"https:\/\/www.glovebox.es\/pt-pt\/wp-json\/wp\/v2\/types\/page"}],"author":[{"embeddable":true,"href":"https:\/\/www.glovebox.es\/pt-pt\/wp-json\/wp\/v2\/users\/5"}],"replies":[{"embeddable":true,"href":"https:\/\/www.glovebox.es\/pt-pt\/wp-json\/wp\/v2\/comments?post=1104"}],"version-history":[{"count":8,"href":"https:\/\/www.glovebox.es\/pt-pt\/wp-json\/wp\/v2\/pages\/1104\/revisions"}],"predecessor-version":[{"id":2316,"href":"https:\/\/www.glovebox.es\/pt-pt\/wp-json\/wp\/v2\/pages\/1104\/revisions\/2316"}],"wp:attachment":[{"href":"https:\/\/www.glovebox.es\/pt-pt\/wp-json\/wp\/v2\/media?parent=1104"}],"curies":[{"name":"wp","href":"https:\/\/api.w.org\/{rel}","templated":true}]}}