{"id":1123,"date":"2023-05-22T11:50:20","date_gmt":"2023-05-22T11:50:20","guid":{"rendered":"http:\/\/www.glovebox.es\/itens-opcionais\/frigorifico\/"},"modified":"2024-02-08T15:26:54","modified_gmt":"2024-02-08T15:26:54","slug":"frigorifico","status":"publish","type":"page","link":"https:\/\/www.glovebox.es\/pt-pt\/itens-opcionais\/frigorifico\/","title":{"rendered":"Frigor\u00edfico"},"content":{"rendered":"<div class=\"gb-grid-wrapper gb-grid-wrapper-bda6940b\">\n<div class=\"gb-grid-column gb-grid-column-5b6834fb\"><div class=\"gb-container gb-container-5b6834fb\"><\/div><\/div>\n\n<div class=\"gb-grid-column gb-grid-column-f9fe484b\"><div class=\"gb-container gb-container-f9fe484b\">\n\n<figure class=\"gb-block-image gb-block-image-4ce1e0ba\"><img loading=\"lazy\" decoding=\"async\" width=\"768\" height=\"658\" class=\"gb-image gb-image-4ce1e0ba\" src=\"https:\/\/www.glovebox.es\/wp-content\/uploads\/2023\/06\/optional-refrigerator-min.png\" alt=\"Frigor\u00edfico para gloveboxes\" title=\"Frigor\u00edfico para gloveboxes\" srcset=\"https:\/\/www.glovebox.es\/wp-content\/uploads\/2023\/06\/optional-refrigerator-min.png 768w, https:\/\/www.glovebox.es\/wp-content\/uploads\/2023\/06\/optional-refrigerator-min-300x257.png 300w\" sizes=\"auto, (max-width: 768px) 100vw, 768px\" \/><\/figure>\n\n\n\n<h2 class=\"gb-headline gb-headline-0ef285bf gb-headline-text\"><strong>Frigor\u00edfico<\/strong><\/h2>\n\n<\/div><\/div>\n\n<div class=\"gb-grid-column gb-grid-column-b37ac143\"><div class=\"gb-container gb-container-b37ac143\"><\/div><\/div>\n<\/div>\n\n<div class=\"gb-grid-wrapper gb-grid-wrapper-a22c5dab\">\n<div class=\"gb-grid-column gb-grid-column-835b26ee\"><div class=\"gb-container gb-container-835b26ee\"><\/div><\/div>\n\n<div class=\"gb-grid-column gb-grid-column-faedea4c\"><div class=\"gb-container gb-container-faedea4c\">\n\n<div class=\"wp-block-columns is-layout-flex wp-container-core-columns-is-layout-9d6595d7 wp-block-columns-is-layout-flex\">\n<div class=\"wp-block-column is-vertically-aligned-top is-layout-flow wp-block-column-is-layout-flow\">\n<h3 class=\"gb-headline gb-headline-6caafbe6 gb-headline-text\"><strong>Composi\u00e7\u00e3o<\/strong><\/h3>\n\n\n\n<figure class=\"wp-block-table\" style=\"font-size:14px\"><table><tbody><tr><td>Faixa de temperatura: Temp. a -35 \u2103.<\/td><\/tr><tr><td>Tamanho de trabalho: 515(A) x 220(L) x 170(D) mm<\/td><\/tr><tr><td>Este sistema ser\u00e1 instalado no painel da extremidade esquerda.<\/td><\/tr><tr><td>Unidade condensadora instalada no estande.<\/td><\/tr><tr><td>Unidade de condensa\u00e7\u00e3o: Resfriada a ar, 1\/3 hp.<\/td><\/tr><tr><td>Unidade de condensa\u00e7\u00e3o separada instalada em um suporte.<\/td><\/tr><\/tbody><\/table><\/figure>\n<\/div>\n<\/div>\n\n<\/div><\/div>\n\n<div class=\"gb-grid-column gb-grid-column-0eb4bc48\"><div class=\"gb-container gb-container-0eb4bc48\">\n\n<h4 class=\"gb-headline gb-headline-4dcf292c gb-headline-text\">Itens Opcionais<\/h4>\n\n\n<ul id=\"menu-optional-items-menu-portuguese-portugal\" class=\"menu\"><li id=\"menu-item-1210\" class=\"menu-item menu-item-type-post_type menu-item-object-page menu-item-1210\"><a href=\"https:\/\/www.glovebox.es\/pt-pt\/itens-opcionais\/armadilha-de-solvente\/\" title=\"Solvent Trap\">Armadilha de Solvente<\/a><\/li>\n<li id=\"menu-item-1211\" class=\"menu-item menu-item-type-post_type menu-item-object-page menu-item-1211\"><a href=\"https:\/\/www.glovebox.es\/pt-pt\/itens-opcionais\/forno-a-vacuo\/\" title=\"Vacuum Oven\">Forno a v\u00e1cuo<\/a><\/li>\n<li id=\"menu-item-1212\" class=\"menu-item menu-item-type-post_type menu-item-object-page menu-item-1212\"><a href=\"https:\/\/www.glovebox.es\/pt-pt\/itens-opcionais\/frigorifico\/\" title=\"Refrigerator\">Frigor\u00edfico<\/a><\/li>\n<li id=\"menu-item-1216\" class=\"menu-item menu-item-type-post_type menu-item-object-page menu-item-1216\"><a href=\"https:\/\/www.glovebox.es\/pt-pt\/itens-opcionais\/microscopio\/\" title=\"Microscope\">Microsc\u00f3pio<\/a><\/li>\n<li id=\"menu-item-1217\" class=\"menu-item menu-item-type-post_type menu-item-object-page menu-item-1217\"><a href=\"https:\/\/www.glovebox.es\/pt-pt\/itens-opcionais\/sensor-analisador-de-oxigenio\/\" title=\"Sensor\u00a0Oxygen Analyzer\">Sensor Analisador de Oxig\u00eanio<\/a><\/li>\n<li id=\"menu-item-1218\" class=\"menu-item menu-item-type-post_type menu-item-object-page menu-item-1218\"><a href=\"https:\/\/www.glovebox.es\/pt-pt\/itens-opcionais\/sensor-analisador-de-umidade\/\" title=\"Sensor Moisture Analyzer\">Sensor Analisador de Umidade<\/a><\/li>\n<\/ul>\n\n<\/div><\/div>\n<\/div>\n\n<div class=\"gb-container gb-container-b432f0f7\">\n\n<a class=\"gb-button gb-button-5388c040 gb-button-text\" href=\"https:\/\/www.glovebox.es\/pt-pt\/contactar-nos\/\">Obter uma cota\u00e7\u00e3o<\/a>\n\n<\/div>\n\n<div class=\"gb-container gb-container-c8da03ea alignfull\">\n<div class=\"gb-grid-wrapper gb-grid-wrapper-e8bf5d96\">\n<div class=\"gb-grid-column gb-grid-column-7d2dd83c\"><div class=\"gb-container gb-container-7d2dd83c\"><\/div><\/div>\n\n<div class=\"gb-grid-column gb-grid-column-2cb3a42b\"><div class=\"gb-container gb-container-2cb3a42b\">\n\n<p class=\"has-contrast-2-color has-text-color\">O refrigerador aqui descrito tem uma faixa de temperatura desde a temperatura ambiente at\u00e9 -35\u00b0C. Tem 515 mm de altura, 220 mm de largura e 170 mm de profundidade. O sistema ser\u00e1 instalado no painel esquerdo. A unidade de condensa\u00e7\u00e3o \u00e9 instalada no suporte e \u00e9 resfriada a ar. Tem uma pot\u00eancia de 1\/3 cavalos de pot\u00eancia, o que \u00e9 suficiente para resfriar o compartimento at\u00e9 a temperatura desejada. Finalmente, uma unidade de condensa\u00e7\u00e3o separada \u00e9 instalada em uma parte separada da unidade.<\/p>\n\n<\/div><\/div>\n\n<div class=\"gb-grid-column gb-grid-column-18ca714b\"><div class=\"gb-container gb-container-18ca714b\"><\/div><\/div>\n<\/div>\n<\/div>","protected":false},"excerpt":{"rendered":"","protected":false},"author":5,"featured_media":0,"parent":1104,"menu_order":0,"comment_status":"closed","ping_status":"closed","template":"","meta":{"footnotes":""},"class_list":["post-1123","page","type-page","status-publish"],"_links":{"self":[{"href":"https:\/\/www.glovebox.es\/pt-pt\/wp-json\/wp\/v2\/pages\/1123","targetHints":{"allow":["GET"]}}],"collection":[{"href":"https:\/\/www.glovebox.es\/pt-pt\/wp-json\/wp\/v2\/pages"}],"about":[{"href":"https:\/\/www.glovebox.es\/pt-pt\/wp-json\/wp\/v2\/types\/page"}],"author":[{"embeddable":true,"href":"https:\/\/www.glovebox.es\/pt-pt\/wp-json\/wp\/v2\/users\/5"}],"replies":[{"embeddable":true,"href":"https:\/\/www.glovebox.es\/pt-pt\/wp-json\/wp\/v2\/comments?post=1123"}],"version-history":[{"count":4,"href":"https:\/\/www.glovebox.es\/pt-pt\/wp-json\/wp\/v2\/pages\/1123\/revisions"}],"predecessor-version":[{"id":2237,"href":"https:\/\/www.glovebox.es\/pt-pt\/wp-json\/wp\/v2\/pages\/1123\/revisions\/2237"}],"up":[{"embeddable":true,"href":"https:\/\/www.glovebox.es\/pt-pt\/wp-json\/wp\/v2\/pages\/1104"}],"wp:attachment":[{"href":"https:\/\/www.glovebox.es\/pt-pt\/wp-json\/wp\/v2\/media?parent=1123"}],"curies":[{"name":"wp","href":"https:\/\/api.w.org\/{rel}","templated":true}]}}