{"id":1125,"date":"2023-05-22T11:48:05","date_gmt":"2023-05-22T11:48:05","guid":{"rendered":"http:\/\/www.glovebox.es\/itens-opcionais\/sensor-analisador-de-umidade\/"},"modified":"2024-02-08T15:30:18","modified_gmt":"2024-02-08T15:30:18","slug":"sensor-analisador-de-umidade","status":"publish","type":"page","link":"https:\/\/www.glovebox.es\/pt-pt\/itens-opcionais\/sensor-analisador-de-umidade\/","title":{"rendered":"Sensor Analisador de Umidade"},"content":{"rendered":"<div class=\"gb-grid-wrapper gb-grid-wrapper-bda6940b\">\n<div class=\"gb-grid-column gb-grid-column-5b6834fb\"><div class=\"gb-container gb-container-5b6834fb\"><\/div><\/div>\n\n<div class=\"gb-grid-column gb-grid-column-f9fe484b\"><div class=\"gb-container gb-container-f9fe484b\">\n<div class=\"wp-block-image\">\n<figure class=\"aligncenter size-full is-resized\"><img loading=\"lazy\" decoding=\"async\" width=\"768\" height=\"658\" src=\"https:\/\/www.glovebox.es\/wp-content\/uploads\/2023\/05\/sensor-moisture-analyzer-hp.png\" alt=\"Sensor Analisador de Umidade\" class=\"wp-image-602\" style=\"width:450px;height:386px\" title=\"Sensor Analisador de Umidade\" srcset=\"https:\/\/www.glovebox.es\/wp-content\/uploads\/2023\/05\/sensor-moisture-analyzer-hp.png 768w, https:\/\/www.glovebox.es\/wp-content\/uploads\/2023\/05\/sensor-moisture-analyzer-hp-300x257.png 300w\" sizes=\"auto, (max-width: 768px) 100vw, 768px\" \/><\/figure>\n<\/div>\n\n\n<h2 class=\"gb-headline gb-headline-0ef285bf gb-headline-text\">Sensor Analisador de Umidade<\/h2>\n\n<\/div><\/div>\n\n<div class=\"gb-grid-column gb-grid-column-b37ac143\"><div class=\"gb-container gb-container-b37ac143\"><\/div><\/div>\n<\/div>\n\n<div class=\"gb-grid-wrapper gb-grid-wrapper-cb2651ba\">\n<div class=\"gb-grid-column gb-grid-column-d1c30976\"><div class=\"gb-container gb-container-d1c30976\"><\/div><\/div>\n\n<div class=\"gb-grid-column gb-grid-column-eb1e452a\"><div class=\"gb-container gb-container-eb1e452a\">\n\n<div class=\"wp-block-columns is-layout-flex wp-container-core-columns-is-layout-9d6595d7 wp-block-columns-is-layout-flex\">\n<div class=\"wp-block-column is-vertically-aligned-top is-layout-flow wp-block-column-is-layout-flow\">\n<h3 class=\"gb-headline gb-headline-9bedee39 gb-headline-text\"><strong>Composi\u00e7\u00e3o<\/strong><\/h3>\n\n\n\n<figure class=\"wp-block-table\" style=\"font-size:14px\"><table><tbody><tr><td>Tipo de \u00f3xido de alum\u00ednio Thin-Film.<\/td><\/tr><tr><td>Baseado em microprocessador, toda a tecnologia digital para opera\u00e7\u00e3o confi\u00e1vel.<\/td><\/tr><tr><td>Tamanho compacto.<\/td><\/tr><tr><td>Sa\u00edda de 4 a 20mA alimentada por loop.<\/td><\/tr><tr><td>Calibra\u00e7\u00e3o rastre\u00e1vel NIST.<\/td><\/tr><tr><td>Precis\u00e3o: +\/- 2\u2103<\/td><\/tr><tr><td>Faixa de medi\u00e7\u00e3o: 0 ~ 1.000 ppm<\/td><\/tr><tr><td>Sa\u00edda: 4-20mA DC ativo.<\/td><\/tr><tr><td>Sensor: Sensor de pol\u00edmero capacitivo de pel\u00edcula fina<br>Tempo de resposta 63%[90%] wpcodeself a uma temperatura do g\u00e1s de +20 \u2103 e<br>press\u00e3o de 1 bar<\/td><\/tr><tr><td>Em conformidade com a norma EMC EN61326-1, equipamento el\u00e9trico para controle de medi\u00e7\u00e3o e uso em laborat\u00f3rio.<\/td><\/tr><\/tbody><\/table><\/figure>\n<\/div>\n<\/div>\n\n<\/div><\/div>\n\n<div class=\"gb-grid-column gb-grid-column-fe7ff5c6\"><div class=\"gb-container gb-container-fe7ff5c6\">\n\n<h4 class=\"gb-headline gb-headline-a0eb483d gb-headline-text\">Itens Opcionais<\/h4>\n\n\n<ul id=\"menu-optional-items-menu-portuguese-portugal\" class=\"menu\"><li id=\"menu-item-1210\" class=\"menu-item menu-item-type-post_type menu-item-object-page menu-item-1210\"><a href=\"https:\/\/www.glovebox.es\/pt-pt\/itens-opcionais\/armadilha-de-solvente\/\" title=\"Solvent Trap\">Armadilha de Solvente<\/a><\/li>\n<li id=\"menu-item-1211\" class=\"menu-item menu-item-type-post_type menu-item-object-page menu-item-1211\"><a href=\"https:\/\/www.glovebox.es\/pt-pt\/itens-opcionais\/forno-a-vacuo\/\" title=\"Vacuum Oven\">Forno a v\u00e1cuo<\/a><\/li>\n<li id=\"menu-item-1212\" class=\"menu-item menu-item-type-post_type menu-item-object-page menu-item-1212\"><a href=\"https:\/\/www.glovebox.es\/pt-pt\/itens-opcionais\/frigorifico\/\" title=\"Refrigerator\">Frigor\u00edfico<\/a><\/li>\n<li id=\"menu-item-1216\" class=\"menu-item menu-item-type-post_type menu-item-object-page menu-item-1216\"><a href=\"https:\/\/www.glovebox.es\/pt-pt\/itens-opcionais\/microscopio\/\" title=\"Microscope\">Microsc\u00f3pio<\/a><\/li>\n<li id=\"menu-item-1217\" class=\"menu-item menu-item-type-post_type menu-item-object-page menu-item-1217\"><a href=\"https:\/\/www.glovebox.es\/pt-pt\/itens-opcionais\/sensor-analisador-de-oxigenio\/\" title=\"Sensor\u00a0Oxygen Analyzer\">Sensor Analisador de Oxig\u00eanio<\/a><\/li>\n<li id=\"menu-item-1218\" class=\"menu-item menu-item-type-post_type menu-item-object-page menu-item-1218\"><a href=\"https:\/\/www.glovebox.es\/pt-pt\/itens-opcionais\/sensor-analisador-de-umidade\/\" title=\"Sensor Moisture Analyzer\">Sensor Analisador de Umidade<\/a><\/li>\n<\/ul>\n\n<\/div><\/div>\n<\/div>\n\n<div class=\"gb-container gb-container-b432f0f7\">\n\n<a class=\"gb-button gb-button-5388c040 gb-button-text\" href=\"https:\/\/www.glovebox.es\/pt-pt\/contactar-nos\/\">Obter uma cota\u00e7\u00e3o<\/a>\n\n<\/div>\n\n<div class=\"gb-container gb-container-c8da03ea alignfull\">\n<div class=\"gb-grid-wrapper gb-grid-wrapper-e8bf5d96\">\n<div class=\"gb-grid-column gb-grid-column-7d2dd83c\"><div class=\"gb-container gb-container-7d2dd83c\"><\/div><\/div>\n\n<div class=\"gb-grid-column gb-grid-column-2cb3a42b\"><div class=\"gb-container gb-container-2cb3a42b\">\n\n<p class=\"has-contrast-2-color has-text-color\">O \u201cMoisture Analyzer\u201d \u00e9 um sensor de medi\u00e7\u00e3o de umidade constru\u00eddo com tecnologia baseada em microprocessador digital para garantir uma opera\u00e7\u00e3o confi\u00e1vel. Possui um sensor de pol\u00edmero capacitivo de filme fino e uma sa\u00edda de loop DC de 4-20 mA que mede a faixa de 0-1000 ppm com uma precis\u00e3o de +\/- 2\u00b0C. O tamanho compacto do sensor facilita a integra\u00e7\u00e3o em v\u00e1rios tipos de configura\u00e7\u00f5es do sistema. Sua resposta varia de 63% a 90% com tempo de resposta de 20\u00b0C e press\u00e3o de 1 bar. O Moisture Analyzer \u00e9 calibrado de acordo com o padr\u00e3o rastre\u00e1vel NIST e est\u00e1 em conformidade com o padr\u00e3o de compatibilidade eletromagn\u00e9tica EN61326-1 para equipamentos de medi\u00e7\u00e3o, controle e laborat\u00f3rio.<\/p>\n\n<\/div><\/div>\n\n<div class=\"gb-grid-column gb-grid-column-18ca714b\"><div class=\"gb-container gb-container-18ca714b\"><\/div><\/div>\n<\/div>\n<\/div>","protected":false},"excerpt":{"rendered":"","protected":false},"author":5,"featured_media":0,"parent":1104,"menu_order":0,"comment_status":"closed","ping_status":"closed","template":"","meta":{"footnotes":""},"class_list":["post-1125","page","type-page","status-publish"],"_links":{"self":[{"href":"https:\/\/www.glovebox.es\/pt-pt\/wp-json\/wp\/v2\/pages\/1125","targetHints":{"allow":["GET"]}}],"collection":[{"href":"https:\/\/www.glovebox.es\/pt-pt\/wp-json\/wp\/v2\/pages"}],"about":[{"href":"https:\/\/www.glovebox.es\/pt-pt\/wp-json\/wp\/v2\/types\/page"}],"author":[{"embeddable":true,"href":"https:\/\/www.glovebox.es\/pt-pt\/wp-json\/wp\/v2\/users\/5"}],"replies":[{"embeddable":true,"href":"https:\/\/www.glovebox.es\/pt-pt\/wp-json\/wp\/v2\/comments?post=1125"}],"version-history":[{"count":5,"href":"https:\/\/www.glovebox.es\/pt-pt\/wp-json\/wp\/v2\/pages\/1125\/revisions"}],"predecessor-version":[{"id":2241,"href":"https:\/\/www.glovebox.es\/pt-pt\/wp-json\/wp\/v2\/pages\/1125\/revisions\/2241"}],"up":[{"embeddable":true,"href":"https:\/\/www.glovebox.es\/pt-pt\/wp-json\/wp\/v2\/pages\/1104"}],"wp:attachment":[{"href":"https:\/\/www.glovebox.es\/pt-pt\/wp-json\/wp\/v2\/media?parent=1125"}],"curies":[{"name":"wp","href":"https:\/\/api.w.org\/{rel}","templated":true}]}}