{"id":1129,"date":"2023-05-22T11:51:26","date_gmt":"2023-05-22T11:51:26","guid":{"rendered":"http:\/\/www.glovebox.es\/itens-opcionais\/armadilha-de-solvente\/"},"modified":"2024-02-09T10:18:04","modified_gmt":"2024-02-09T10:18:04","slug":"armadilha-de-solvente","status":"publish","type":"page","link":"https:\/\/www.glovebox.es\/pt-pt\/itens-opcionais\/armadilha-de-solvente\/","title":{"rendered":"Armadilha de Solvente"},"content":{"rendered":"<div class=\"gb-grid-wrapper gb-grid-wrapper-bda6940b\">\n<div class=\"gb-grid-column gb-grid-column-5b6834fb\"><div class=\"gb-container gb-container-5b6834fb\"><\/div><\/div>\n\n<div class=\"gb-grid-column gb-grid-column-f9fe484b\"><div class=\"gb-container gb-container-f9fe484b\">\n\n<figure class=\"gb-block-image gb-block-image-84696465\"><img loading=\"lazy\" decoding=\"async\" width=\"768\" height=\"658\" class=\"gb-image gb-image-84696465\" src=\"https:\/\/www.glovebox.es\/wp-content\/uploads\/2023\/06\/optional-solvent-trap-min.png\" alt=\"Armadilha de Solvente para gloveboxes\" title=\"Armadilha de Solvente para gloveboxes\" srcset=\"https:\/\/www.glovebox.es\/wp-content\/uploads\/2023\/06\/optional-solvent-trap-min.png 768w, https:\/\/www.glovebox.es\/wp-content\/uploads\/2023\/06\/optional-solvent-trap-min-300x257.png 300w\" sizes=\"auto, (max-width: 768px) 100vw, 768px\" \/><\/figure>\n\n\n\n<h2 class=\"gb-headline gb-headline-d616bc55 gb-headline-text\"><strong>Armadilha de Solvente<\/strong><\/h2>\n\n<\/div><\/div>\n\n<div class=\"gb-grid-column gb-grid-column-b37ac143\"><div class=\"gb-container gb-container-b37ac143\"><\/div><\/div>\n<\/div>\n\n<div class=\"gb-grid-wrapper gb-grid-wrapper-1b2cef16\">\n<div class=\"gb-grid-column gb-grid-column-97a71906\"><div class=\"gb-container gb-container-97a71906\"><\/div><\/div>\n\n<div class=\"gb-grid-column gb-grid-column-129b6c51\"><div class=\"gb-container gb-container-129b6c51\">\n\n<div class=\"wp-block-columns is-layout-flex wp-container-core-columns-is-layout-9d6595d7 wp-block-columns-is-layout-flex\">\n<div class=\"wp-block-column is-vertically-aligned-top is-layout-flow wp-block-column-is-layout-flow\">\n<h3 class=\"gb-headline gb-headline-6783a613 gb-headline-text\"><strong>Composi\u00e7\u00e3o<\/strong><\/h3>\n\n\n\n<figure class=\"wp-block-table\" style=\"font-size:14px\"><table><tbody><tr><td>Filtro Qu\u00edmico.<\/td><\/tr><tr><td>Encanamento de design especial e filtro qu\u00edmico.<\/td><\/tr><tr><td>V\u00e1lvula solenoide.<\/td><\/tr><tr><td>V\u00e1lvulas de isolamento pneum\u00e1ticas e v\u00e1lvula de desvio e fixa\u00e7\u00e3o NW40.<\/td><\/tr><tr><td>Controlador PLC para o progresso da regenera\u00e7\u00e3o.<\/td><\/tr><\/tbody><\/table><\/figure>\n<\/div>\n<\/div>\n\n<\/div><\/div>\n\n<div class=\"gb-grid-column gb-grid-column-8dfb21c6\"><div class=\"gb-container gb-container-8dfb21c6\">\n\n<h4 class=\"gb-headline gb-headline-98f889f0 gb-headline-text\">Itens Opcionais<\/h4>\n\n\n<div class=\"gb-container gb-container-438bacd0\">\n<ul id=\"menu-optional-items-menu-portuguese-portugal\" class=\"menu\"><li id=\"menu-item-1210\" class=\"menu-item menu-item-type-post_type menu-item-object-page menu-item-1210\"><a href=\"https:\/\/www.glovebox.es\/pt-pt\/itens-opcionais\/armadilha-de-solvente\/\" title=\"Solvent Trap\">Armadilha de Solvente<\/a><\/li>\n<li id=\"menu-item-1211\" class=\"menu-item menu-item-type-post_type menu-item-object-page menu-item-1211\"><a href=\"https:\/\/www.glovebox.es\/pt-pt\/itens-opcionais\/forno-a-vacuo\/\" title=\"Vacuum Oven\">Forno a v\u00e1cuo<\/a><\/li>\n<li id=\"menu-item-1212\" class=\"menu-item menu-item-type-post_type menu-item-object-page menu-item-1212\"><a href=\"https:\/\/www.glovebox.es\/pt-pt\/itens-opcionais\/frigorifico\/\" title=\"Refrigerator\">Frigor\u00edfico<\/a><\/li>\n<li id=\"menu-item-1216\" class=\"menu-item menu-item-type-post_type menu-item-object-page menu-item-1216\"><a href=\"https:\/\/www.glovebox.es\/pt-pt\/itens-opcionais\/microscopio\/\" title=\"Microscope\">Microsc\u00f3pio<\/a><\/li>\n<li id=\"menu-item-1217\" class=\"menu-item menu-item-type-post_type menu-item-object-page menu-item-1217\"><a href=\"https:\/\/www.glovebox.es\/pt-pt\/itens-opcionais\/sensor-analisador-de-oxigenio\/\" title=\"Sensor\u00a0Oxygen Analyzer\">Sensor Analisador de Oxig\u00eanio<\/a><\/li>\n<li id=\"menu-item-1218\" class=\"menu-item menu-item-type-post_type menu-item-object-page menu-item-1218\"><a href=\"https:\/\/www.glovebox.es\/pt-pt\/itens-opcionais\/sensor-analisador-de-umidade\/\" title=\"Sensor Moisture Analyzer\">Sensor Analisador de Umidade<\/a><\/li>\n<\/ul>\n\n<\/div>\n<\/div><\/div>\n<\/div>\n\n<div class=\"gb-container gb-container-47a61a60\">\n\n<a class=\"gb-button gb-button-af14dab2 gb-button-text\" href=\"https:\/\/www.glovebox.es\/pt-pt\/contactar-nos\/\">Obter uma cota\u00e7\u00e3o<\/a>\n\n<\/div>\n\n<div class=\"gb-container gb-container-c8da03ea alignfull\">\n<div class=\"gb-grid-wrapper gb-grid-wrapper-e8bf5d96\">\n<div class=\"gb-grid-column gb-grid-column-7d2dd83c\"><div class=\"gb-container gb-container-7d2dd83c\"><\/div><\/div>\n\n<div class=\"gb-grid-column gb-grid-column-2cb3a42b\"><div class=\"gb-container gb-container-2cb3a42b\">\n\n<p class=\"has-contrast-2-color has-text-color\">O coletor de solventes \u00e9 um dispositivo utilizado na ind\u00fastria qu\u00edmica para recuperar solventes durante os processos de purifica\u00e7\u00e3o. \u00c9 composto por filtro qu\u00edmico especialmente desenvolvido para reter solventes e tubula\u00e7\u00e3o adaptada para o tratamento de produtos qu\u00edmicos. \u00c9 equipado com uma v\u00e1lvula solen\u00f3ide para controlar o fluxo de solvente e v\u00e1lvulas pneum\u00e1ticas para isolar e desviar o fluxo de solvente. A unidade tamb\u00e9m possui um sistema de fixa\u00e7\u00e3o NW40 para f\u00e1cil instala\u00e7\u00e3o e um controle PLC para controlar o processo de regenera\u00e7\u00e3o do filtro qu\u00edmico.<\/p>\n\n<\/div><\/div>\n\n<div class=\"gb-grid-column gb-grid-column-18ca714b\"><div class=\"gb-container gb-container-18ca714b\"><\/div><\/div>\n<\/div>\n<\/div>","protected":false},"excerpt":{"rendered":"","protected":false},"author":5,"featured_media":0,"parent":1104,"menu_order":0,"comment_status":"closed","ping_status":"closed","template":"","meta":{"footnotes":""},"class_list":["post-1129","page","type-page","status-publish"],"_links":{"self":[{"href":"https:\/\/www.glovebox.es\/pt-pt\/wp-json\/wp\/v2\/pages\/1129","targetHints":{"allow":["GET"]}}],"collection":[{"href":"https:\/\/www.glovebox.es\/pt-pt\/wp-json\/wp\/v2\/pages"}],"about":[{"href":"https:\/\/www.glovebox.es\/pt-pt\/wp-json\/wp\/v2\/types\/page"}],"author":[{"embeddable":true,"href":"https:\/\/www.glovebox.es\/pt-pt\/wp-json\/wp\/v2\/users\/5"}],"replies":[{"embeddable":true,"href":"https:\/\/www.glovebox.es\/pt-pt\/wp-json\/wp\/v2\/comments?post=1129"}],"version-history":[{"count":5,"href":"https:\/\/www.glovebox.es\/pt-pt\/wp-json\/wp\/v2\/pages\/1129\/revisions"}],"predecessor-version":[{"id":2309,"href":"https:\/\/www.glovebox.es\/pt-pt\/wp-json\/wp\/v2\/pages\/1129\/revisions\/2309"}],"up":[{"embeddable":true,"href":"https:\/\/www.glovebox.es\/pt-pt\/wp-json\/wp\/v2\/pages\/1104"}],"wp:attachment":[{"href":"https:\/\/www.glovebox.es\/pt-pt\/wp-json\/wp\/v2\/media?parent=1129"}],"curies":[{"name":"wp","href":"https:\/\/api.w.org\/{rel}","templated":true}]}}