{"id":1333,"date":"2022-06-17T12:43:28","date_gmt":"2022-06-17T12:43:28","guid":{"rendered":"http:\/\/www.glovebox.es\/1333-2\/"},"modified":"2024-02-08T15:10:11","modified_gmt":"2024-02-08T15:10:11","slug":"1333-2","status":"publish","type":"page","link":"https:\/\/www.glovebox.es\/pt-pt\/","title":{"rendered":"Home"},"content":{"rendered":"<div class=\"gb-container gb-container-4c28776e alignfull\">\n<div class=\"gb-grid-wrapper gb-grid-wrapper-6d4568a5\">\n<div class=\"gb-grid-column gb-grid-column-a70a2a74\"><div class=\"gb-container gb-container-a70a2a74\"><\/div><\/div>\n\n<div class=\"gb-grid-column gb-grid-column-9f0f7e9f\"><div class=\"gb-container gb-container-9f0f7e9f\">\n\n<p class=\"gb-headline gb-headline-ea5353d9 gb-headline-text\"><strong>Nossos Produtos<\/strong><\/p>\n\n\n\n<h2 class=\"gb-headline gb-headline-dc0f17cc gb-headline-text\">Gloveboxes de alta qualidade para desempenho ideal<\/h2>\n\n\n\n<p class=\"has-base-3-color has-text-color\"><\/p>\n\n<\/div><\/div>\n\n<div class=\"gb-grid-column gb-grid-column-4bd3a55f\"><div class=\"gb-container gb-container-4bd3a55f\"><\/div><\/div>\n<\/div>\n<\/div>\n\n<div class=\"gb-grid-wrapper gb-grid-wrapper-10199df4\">\n<div class=\"gb-grid-column gb-grid-column-c4a2304f\"><div class=\"gb-container gb-container-c4a2304f\">\n<div class=\"wp-block-image\">\n<figure class=\"aligncenter size-full\"><a href=\"https:\/\/www.glovebox.es\/pt-pt\/gloveboxes-padrao\/\"><img loading=\"lazy\" decoding=\"async\" width=\"877\" height=\"751\" src=\"https:\/\/www.glovebox.es\/wp-content\/uploads\/2023\/05\/glove-box-KK-011AS-min-2.png\" alt=\"Equipamento para GloveBoxes Padr\u00e3o\" class=\"wp-image-257\" title=\"Equipamento para GloveBoxes Padr\u00e3o\" srcset=\"https:\/\/www.glovebox.es\/wp-content\/uploads\/2023\/05\/glove-box-KK-011AS-min-2.png 877w, https:\/\/www.glovebox.es\/wp-content\/uploads\/2023\/05\/glove-box-KK-011AS-min-2-300x257.png 300w, https:\/\/www.glovebox.es\/wp-content\/uploads\/2023\/05\/glove-box-KK-011AS-min-2-768x658.png 768w\" sizes=\"auto, (max-width: 877px) 100vw, 877px\" \/><\/a><\/figure>\n<\/div>\n\n\n<h3 class=\"gb-headline gb-headline-fff05c58 gb-headline-text\"><strong><a href=\"https:\/\/www.glovebox.es\/pt-pt\/gloveboxes-padrao\/\">Gloveboxes Padr\u00e3o<\/a><\/strong><\/h3>\n\n<\/div><\/div>\n\n<div class=\"gb-grid-column gb-grid-column-a574aec4\"><div class=\"gb-container gb-container-a574aec4\">\n<div class=\"wp-block-image\">\n<figure class=\"aligncenter size-full\"><a href=\"https:\/\/www.glovebox.es\/pt-pt\/glovebox-de-alta-seguranca-e-desempenho\/\"><img loading=\"lazy\" decoding=\"async\" width=\"500\" height=\"428\" src=\"https:\/\/www.glovebox.es\/wp-content\/uploads\/2023\/05\/hps-glovebox.jpg\" alt=\"Gloveboxes\" class=\"wp-image-469\" title=\"Gloveboxes\" srcset=\"https:\/\/www.glovebox.es\/wp-content\/uploads\/2023\/05\/hps-glovebox.jpg 500w, https:\/\/www.glovebox.es\/wp-content\/uploads\/2023\/05\/hps-glovebox-300x257.jpg 300w\" sizes=\"auto, (max-width: 500px) 100vw, 500px\" \/><\/a><\/figure>\n<\/div>\n\n\n<h3 class=\"gb-headline gb-headline-2cb913a2 gb-headline-text\"><strong><a href=\"https:\/\/www.glovebox.es\/pt-pt\/glovebox-de-alta-seguranca-e-desempenho\/\">Glovebox de desempenho<\/a><\/strong><\/h3>\n\n<\/div><\/div>\n\n<div class=\"gb-grid-column gb-grid-column-52aea122\"><div class=\"gb-container gb-container-52aea122\">\n<div class=\"wp-block-image\">\n<figure class=\"aligncenter size-full\"><a href=\"https:\/\/www.glovebox.es\/pt-pt\/gloveboxes-uma-ferramenta-vital-em-diversas-industrias\/\"><img loading=\"lazy\" decoding=\"async\" width=\"877\" height=\"751\" src=\"https:\/\/www.glovebox.es\/wp-content\/uploads\/2022\/06\/KSD-170-Sliding-Door-Type.png\" alt=\"Aplica\u00e7\u00f5es para Gloveboxes\" class=\"wp-image-38\" title=\"Aplica\u00e7\u00f5es para Gloveboxes\" srcset=\"https:\/\/www.glovebox.es\/wp-content\/uploads\/2022\/06\/KSD-170-Sliding-Door-Type.png 877w, https:\/\/www.glovebox.es\/wp-content\/uploads\/2022\/06\/KSD-170-Sliding-Door-Type-300x257.png 300w, https:\/\/www.glovebox.es\/wp-content\/uploads\/2022\/06\/KSD-170-Sliding-Door-Type-768x658.png 768w\" sizes=\"auto, (max-width: 877px) 100vw, 877px\" \/><\/a><\/figure>\n<\/div>\n\n\n<h3 class=\"gb-headline gb-headline-64a1f21a gb-headline-text\"><strong><a href=\"https:\/\/www.glovebox.es\/pt-pt\/gloveboxes-uma-ferramenta-vital-em-diversas-industrias\/\" data-type=\"page\" data-id=\"57\">Aplica\u00e7\u00f5es<\/a><\/strong><\/h3>\n\n<\/div><\/div>\n\n<div class=\"gb-grid-column gb-grid-column-971d1cf0\"><div class=\"gb-container gb-container-971d1cf0\">\n<div class=\"wp-block-image\">\n<figure class=\"aligncenter size-full\"><a href=\"https:\/\/www.glovebox.es\/pt-pt\/itens-opcionais\/\"><img loading=\"lazy\" decoding=\"async\" width=\"768\" height=\"658\" src=\"https:\/\/www.glovebox.es\/wp-content\/uploads\/2023\/05\/sensor-moisture-analyzer-hp.png\" alt=\"Itens opcionais do Gloveboxes\" class=\"wp-image-602\" title=\"Itens opcionais do Gloveboxes\" srcset=\"https:\/\/www.glovebox.es\/wp-content\/uploads\/2023\/05\/sensor-moisture-analyzer-hp.png 768w, https:\/\/www.glovebox.es\/wp-content\/uploads\/2023\/05\/sensor-moisture-analyzer-hp-300x257.png 300w\" sizes=\"auto, (max-width: 768px) 100vw, 768px\" \/><\/a><\/figure>\n<\/div>\n\n\n<h3 class=\"gb-headline gb-headline-bc440bab gb-headline-text\"><strong><a href=\"https:\/\/www.glovebox.es\/pt-pt\/itens-opcionais\/\">Itens Opcionais<\/a><\/strong><\/h3>\n\n<\/div><\/div>\n<\/div>\n\n\n<div style=\"height:100px\" aria-hidden=\"true\" class=\"wp-block-spacer\"><\/div>\n\n\n<div class=\"gb-container gb-container-e6afde01 alignfull\">\n<div class=\"gb-container gb-container-0871ba45\">\n<div class=\"wp-block-image\">\n<figure class=\"aligncenter size-full\"><img loading=\"lazy\" decoding=\"async\" width=\"230\" height=\"56\" src=\"https:\/\/www.glovebox.es\/wp-content\/uploads\/2023\/05\/logo.png\" alt=\"PhotonExport Logo\" class=\"wp-image-302\" title=\"PhotonExport Logo\"\/><\/figure>\n<\/div>\n<\/div>\n\n<div class=\"gb-container gb-container-8aa1a7f5\">\n\n<h4 class=\"gb-headline gb-headline-b9d10096 gb-headline-text\">Equipamento para GloveBoxes &#8211; PhotonExport<\/h4>\n\n\n\n<p class=\"gb-headline gb-headline-c1ccb670 gb-headline-text\">Dispomos gloves boxes van\u00e7ados concebidos para um controlo ambiental preciso. Estas gloves boxes s\u00e3o utilizadas para manusear materiais sens\u00edveis numa atmosfera controlada Com sistemas de purifica\u00e7\u00e3o integrados e recursos de gerenciamento de g\u00e1s, esses porta-luvas fornecem ambientes de baixa umidade e baixo teor de oxig\u00eanio. Eles s\u00e3o constru\u00eddos com materiais de alta qualidade para minimizar a contamina\u00e7\u00e3o.<\/p>\n\n<\/div>\n<\/div>\n\n<div class=\"gb-container gb-container-8e4e31d3 alignfull\">\n<div class=\"gb-grid-wrapper gb-grid-wrapper-3b836eba\">\n<div class=\"gb-grid-column gb-grid-column-8728403e\"><div class=\"gb-container gb-container-8728403e\"><\/div><\/div>\n\n<div class=\"gb-grid-column gb-grid-column-8634580c\"><div class=\"gb-container gb-container-8634580c\">\n\n<p class=\"gb-headline gb-headline-be1d631a gb-headline-text\">Para cota\u00e7\u00f5es, perguntas ou d\u00favidas entre em contato conosco hoje!<\/p>\n\n\n<div class=\"gb-container gb-container-a87532a3\">\n\n<a class=\"gb-button gb-button-665579ee gb-button-text\" href=\"https:\/\/www.glovebox.es\/pt-pt\/contactar-nos\/\">Fa\u00e7a uma cota\u00e7\u00e3o hoje!<\/a>\n\n<\/div>\n<\/div><\/div>\n\n<div class=\"gb-grid-column gb-grid-column-322c9443\"><div class=\"gb-container gb-container-322c9443\"><\/div><\/div>\n<\/div>\n<\/div>","protected":false},"excerpt":{"rendered":"<p>Equipamento para GloveBoxes &#8211; PhotonExport Dispomos gloves boxes van\u00e7ados concebidos para um controlo ambiental preciso. Estas gloves boxes s\u00e3o utilizadas para manusear materiais sens\u00edveis numa atmosfera controlada Com sistemas de purifica\u00e7\u00e3o integrados e recursos de gerenciamento de g\u00e1s, esses porta-luvas fornecem ambientes de baixa &#8230; <a title=\"Home\" class=\"read-more\" href=\"https:\/\/www.glovebox.es\/pt-pt\/\" aria-label=\"Leia mais sobre Home\">Ler mais<\/a><\/p>\n","protected":false},"author":2,"featured_media":0,"parent":0,"menu_order":0,"comment_status":"closed","ping_status":"closed","template":"","meta":{"footnotes":""},"class_list":["post-1333","page","type-page","status-publish"],"_links":{"self":[{"href":"https:\/\/www.glovebox.es\/pt-pt\/wp-json\/wp\/v2\/pages\/1333","targetHints":{"allow":["GET"]}}],"collection":[{"href":"https:\/\/www.glovebox.es\/pt-pt\/wp-json\/wp\/v2\/pages"}],"about":[{"href":"https:\/\/www.glovebox.es\/pt-pt\/wp-json\/wp\/v2\/types\/page"}],"author":[{"embeddable":true,"href":"https:\/\/www.glovebox.es\/pt-pt\/wp-json\/wp\/v2\/users\/2"}],"replies":[{"embeddable":true,"href":"https:\/\/www.glovebox.es\/pt-pt\/wp-json\/wp\/v2\/comments?post=1333"}],"version-history":[{"count":9,"href":"https:\/\/www.glovebox.es\/pt-pt\/wp-json\/wp\/v2\/pages\/1333\/revisions"}],"predecessor-version":[{"id":2206,"href":"https:\/\/www.glovebox.es\/pt-pt\/wp-json\/wp\/v2\/pages\/1333\/revisions\/2206"}],"wp:attachment":[{"href":"https:\/\/www.glovebox.es\/pt-pt\/wp-json\/wp\/v2\/media?parent=1333"}],"curies":[{"name":"wp","href":"https:\/\/api.w.org\/{rel}","templated":true}]}}